{"id":560,"date":"2025-08-09T18:18:27","date_gmt":"2025-08-09T16:18:27","guid":{"rendered":"https:\/\/la-vipere-rose.art\/?page_id=560"},"modified":"2025-08-09T18:48:49","modified_gmt":"2025-08-09T16:48:49","slug":"oh-my-goz","status":"publish","type":"page","link":"https:\/\/la-vipere-rose.art\/?page_id=560","title":{"rendered":"Oh My Goz"},"content":{"rendered":"<div class=\"wp-block-image is-style-rounded\">\n<figure class=\"aligncenter size-full is-resized\"><img loading=\"lazy\" decoding=\"async\" width=\"632\" height=\"772\" src=\"https:\/\/la-vipere-rose.art\/wp-content\/uploads\/2025\/08\/IMG_5979.jpg\" alt=\"\" class=\"wp-image-561\" style=\"width:320px;height:auto\" srcset=\"https:\/\/la-vipere-rose.art\/wp-content\/uploads\/2025\/08\/IMG_5979.jpg 632w, https:\/\/la-vipere-rose.art\/wp-content\/uploads\/2025\/08\/IMG_5979-246x300.jpg 246w, https:\/\/la-vipere-rose.art\/wp-content\/uploads\/2025\/08\/IMG_5979-508x621.jpg 508w\" sizes=\"auto, (max-width: 632px) 100vw, 632px\" \/><\/figure>\n<\/div>\n\n\n<p class=\"has-text-align-center\">Hello ! Je suis Am\u00e9lie et j\u2019ai 33 ans. Je tatoue depuis quelques ann\u00e9es et j\u2019ai officialis\u00e9 ma pratique en d\u00e9cembre 2023.<\/p>\n\n\n\n<p class=\"has-text-align-center\">D\u2019aussi loin que je me souvienne, j\u2019ai toujours dessin\u00e9, bricol\u00e9 et cr\u00e9\u00e9.<\/p>\n\n\n\n<figure class=\"wp-block-gallery has-nested-images columns-default is-cropped wp-block-gallery-1 is-layout-flex wp-block-gallery-is-layout-flex\">\n<figure class=\"wp-block-image size-large\"><img loading=\"lazy\" decoding=\"async\" width=\"576\" height=\"1024\" data-id=\"567\" src=\"https:\/\/la-vipere-rose.art\/wp-content\/uploads\/2025\/08\/IMG_5498-2-576x1024.jpg\" alt=\"\" class=\"wp-image-567\" srcset=\"https:\/\/la-vipere-rose.art\/wp-content\/uploads\/2025\/08\/IMG_5498-2-576x1024.jpg 576w, https:\/\/la-vipere-rose.art\/wp-content\/uploads\/2025\/08\/IMG_5498-2-169x300.jpg 169w, https:\/\/la-vipere-rose.art\/wp-content\/uploads\/2025\/08\/IMG_5498-2-768x1365.jpg 768w, https:\/\/la-vipere-rose.art\/wp-content\/uploads\/2025\/08\/IMG_5498-2-864x1536.jpg 864w, https:\/\/la-vipere-rose.art\/wp-content\/uploads\/2025\/08\/IMG_5498-2-1152x2048.jpg 1152w, https:\/\/la-vipere-rose.art\/wp-content\/uploads\/2025\/08\/IMG_5498-2-1240x2204.jpg 1240w, https:\/\/la-vipere-rose.art\/wp-content\/uploads\/2025\/08\/IMG_5498-2-508x903.jpg 508w, https:\/\/la-vipere-rose.art\/wp-content\/uploads\/2025\/08\/IMG_5498-2-scaled.jpg 1440w\" sizes=\"auto, (max-width: 576px) 100vw, 576px\" \/><\/figure>\n\n\n\n<figure class=\"wp-block-image size-large\"><img loading=\"lazy\" decoding=\"async\" width=\"768\" height=\"1024\" data-id=\"569\" src=\"https:\/\/la-vipere-rose.art\/wp-content\/uploads\/2025\/08\/IMG_9413-768x1024.jpg\" alt=\"\" class=\"wp-image-569\" srcset=\"https:\/\/la-vipere-rose.art\/wp-content\/uploads\/2025\/08\/IMG_9413-768x1024.jpg 768w, https:\/\/la-vipere-rose.art\/wp-content\/uploads\/2025\/08\/IMG_9413-225x300.jpg 225w, https:\/\/la-vipere-rose.art\/wp-content\/uploads\/2025\/08\/IMG_9413-1152x1536.jpg 1152w, https:\/\/la-vipere-rose.art\/wp-content\/uploads\/2025\/08\/IMG_9413-1536x2048.jpg 1536w, https:\/\/la-vipere-rose.art\/wp-content\/uploads\/2025\/08\/IMG_9413-1240x1653.jpg 1240w, https:\/\/la-vipere-rose.art\/wp-content\/uploads\/2025\/08\/IMG_9413-508x677.jpg 508w, https:\/\/la-vipere-rose.art\/wp-content\/uploads\/2025\/08\/IMG_9413-scaled.jpg 1920w\" sizes=\"auto, (max-width: 768px) 100vw, 768px\" \/><\/figure>\n\n\n\n<figure class=\"wp-block-image size-large\"><img loading=\"lazy\" decoding=\"async\" width=\"768\" height=\"1024\" data-id=\"566\" src=\"https:\/\/la-vipere-rose.art\/wp-content\/uploads\/2025\/08\/IMG_4930-768x1024.jpg\" alt=\"\" class=\"wp-image-566\" srcset=\"https:\/\/la-vipere-rose.art\/wp-content\/uploads\/2025\/08\/IMG_4930-768x1024.jpg 768w, https:\/\/la-vipere-rose.art\/wp-content\/uploads\/2025\/08\/IMG_4930-225x300.jpg 225w, https:\/\/la-vipere-rose.art\/wp-content\/uploads\/2025\/08\/IMG_4930-1152x1536.jpg 1152w, https:\/\/la-vipere-rose.art\/wp-content\/uploads\/2025\/08\/IMG_4930-1536x2048.jpg 1536w, https:\/\/la-vipere-rose.art\/wp-content\/uploads\/2025\/08\/IMG_4930-1240x1653.jpg 1240w, https:\/\/la-vipere-rose.art\/wp-content\/uploads\/2025\/08\/IMG_4930-508x677.jpg 508w, https:\/\/la-vipere-rose.art\/wp-content\/uploads\/2025\/08\/IMG_4930-scaled.jpg 1920w\" sizes=\"auto, (max-width: 768px) 100vw, 768px\" \/><\/figure>\n<\/figure>\n\n\n\n<p class=\"has-text-align-center\">J\u2019ai commenc\u00e9 des \u00e9tudes dans l\u2019architecture, pour les terminer dans le graphisme et l\u2019\u00e9dition.<\/p>\n\n\n\n<p class=\"has-text-align-center\">J\u2019ai d\u00e9but\u00e9 en tant que graphiste free-lance, tout en cr\u00e9ant \u00e0 c\u00f4t\u00e9 (illustration, papeterie, cr\u00e9ation papier) et je me suis petit \u00e0 petit \u00e9loign\u00e9e du graphisme (m\u00eame si reste occasionnel) pour m\u2019offrir plus de temps dans mes autres pratiques. Depuis plusieurs ann\u00e9es le tatouage fait parti de mon r\u00eave de vie professionnelle, et je ne me voyais pas continuer de cr\u00e9er sans \u00e7a. C\u2019est donc avec un peu de courage et de beaucoup d\u2019envie que j\u2019ai commenc\u00e9 en octobre 2017, et que d\u00e9sormais j\u2019encre vos peaux.<\/p>\n\n\n\n<figure class=\"wp-block-gallery has-nested-images columns-default is-cropped wp-block-gallery-2 is-layout-flex wp-block-gallery-is-layout-flex\">\n<figure class=\"wp-block-image size-large\"><img loading=\"lazy\" decoding=\"async\" width=\"768\" height=\"1024\" data-id=\"570\" src=\"https:\/\/la-vipere-rose.art\/wp-content\/uploads\/2025\/08\/IMG_4437-1-768x1024.jpg\" alt=\"\" class=\"wp-image-570\" srcset=\"https:\/\/la-vipere-rose.art\/wp-content\/uploads\/2025\/08\/IMG_4437-1-768x1024.jpg 768w, https:\/\/la-vipere-rose.art\/wp-content\/uploads\/2025\/08\/IMG_4437-1-225x300.jpg 225w, https:\/\/la-vipere-rose.art\/wp-content\/uploads\/2025\/08\/IMG_4437-1-1152x1536.jpg 1152w, https:\/\/la-vipere-rose.art\/wp-content\/uploads\/2025\/08\/IMG_4437-1-1536x2048.jpg 1536w, https:\/\/la-vipere-rose.art\/wp-content\/uploads\/2025\/08\/IMG_4437-1-1240x1653.jpg 1240w, https:\/\/la-vipere-rose.art\/wp-content\/uploads\/2025\/08\/IMG_4437-1-508x677.jpg 508w, https:\/\/la-vipere-rose.art\/wp-content\/uploads\/2025\/08\/IMG_4437-1-scaled.jpg 1920w\" sizes=\"auto, (max-width: 768px) 100vw, 768px\" \/><\/figure>\n\n\n\n<figure class=\"wp-block-image size-large\"><img loading=\"lazy\" decoding=\"async\" width=\"683\" height=\"1024\" data-id=\"571\" src=\"https:\/\/la-vipere-rose.art\/wp-content\/uploads\/2025\/08\/IMG_5148-683x1024.jpg\" alt=\"\" class=\"wp-image-571\" srcset=\"https:\/\/la-vipere-rose.art\/wp-content\/uploads\/2025\/08\/IMG_5148-683x1024.jpg 683w, https:\/\/la-vipere-rose.art\/wp-content\/uploads\/2025\/08\/IMG_5148-200x300.jpg 200w, https:\/\/la-vipere-rose.art\/wp-content\/uploads\/2025\/08\/IMG_5148-768x1152.jpg 768w, https:\/\/la-vipere-rose.art\/wp-content\/uploads\/2025\/08\/IMG_5148-1024x1536.jpg 1024w, https:\/\/la-vipere-rose.art\/wp-content\/uploads\/2025\/08\/IMG_5148-1365x2048.jpg 1365w, https:\/\/la-vipere-rose.art\/wp-content\/uploads\/2025\/08\/IMG_5148-1240x1860.jpg 1240w, https:\/\/la-vipere-rose.art\/wp-content\/uploads\/2025\/08\/IMG_5148-508x762.jpg 508w, https:\/\/la-vipere-rose.art\/wp-content\/uploads\/2025\/08\/IMG_5148-scaled.jpg 1707w\" sizes=\"auto, (max-width: 683px) 100vw, 683px\" \/><\/figure>\n<\/figure>\n\n\n\n<p class=\"has-text-align-center\">Aujourd\u2019hui illustratrice, cr\u00e9atrice d\u2019objets muraux en papier et tatoueuse, j\u2019explore un univers inspir\u00e9 de la nature, du folklore japonais, de l\u2019oc\u00e9an, du th\u00e9 (tout ce qui m\u2019aide \u00e0 ralentir le quotidien finalement). \u00c0 travers mes cr\u00e9ations bleut\u00e9es, j\u2019invite \u00e0 prendre le temps : se poser, se rem\u00e9morer des souvenirs, partager un th\u00e9, \u00e9crire \u00e0 un proche\u2026&nbsp;<\/p>\n\n\n\n<p class=\"has-text-align-center\">Je suis persuad\u00e9e que ce sont ces instants simples qui apportent de la douceur \u00e0 nos vies. Port\u00e9e par une d\u00e9marche slow et attentive \u00e0 ce qui m\u2019entoure, je suis ouverte \u00e0 imaginer des projets dans cet esprit : illustrer la douceur, habiller vos peaux de vos histoires ou simplement la pimper de jolis motifs ?<\/p>\n\n\n\n<figure class=\"wp-block-gallery has-nested-images columns-default is-cropped wp-block-gallery-3 is-layout-flex wp-block-gallery-is-layout-flex\">\n<figure class=\"wp-block-image size-large\"><img loading=\"lazy\" decoding=\"async\" width=\"819\" height=\"1024\" data-id=\"572\" src=\"https:\/\/la-vipere-rose.art\/wp-content\/uploads\/2025\/08\/IMG_3489-819x1024.jpg\" alt=\"\" class=\"wp-image-572\" srcset=\"https:\/\/la-vipere-rose.art\/wp-content\/uploads\/2025\/08\/IMG_3489-819x1024.jpg 819w, https:\/\/la-vipere-rose.art\/wp-content\/uploads\/2025\/08\/IMG_3489-240x300.jpg 240w, https:\/\/la-vipere-rose.art\/wp-content\/uploads\/2025\/08\/IMG_3489-768x960.jpg 768w, https:\/\/la-vipere-rose.art\/wp-content\/uploads\/2025\/08\/IMG_3489-508x635.jpg 508w, https:\/\/la-vipere-rose.art\/wp-content\/uploads\/2025\/08\/IMG_3489.jpg 1080w\" sizes=\"auto, (max-width: 819px) 100vw, 819px\" \/><\/figure>\n\n\n\n<figure class=\"wp-block-image size-large\"><img loading=\"lazy\" decoding=\"async\" width=\"819\" height=\"1024\" data-id=\"573\" src=\"https:\/\/la-vipere-rose.art\/wp-content\/uploads\/2025\/08\/IMG_5319-819x1024.jpg\" alt=\"\" class=\"wp-image-573\" srcset=\"https:\/\/la-vipere-rose.art\/wp-content\/uploads\/2025\/08\/IMG_5319-819x1024.jpg 819w, https:\/\/la-vipere-rose.art\/wp-content\/uploads\/2025\/08\/IMG_5319-240x300.jpg 240w, https:\/\/la-vipere-rose.art\/wp-content\/uploads\/2025\/08\/IMG_5319-768x960.jpg 768w, https:\/\/la-vipere-rose.art\/wp-content\/uploads\/2025\/08\/IMG_5319-508x635.jpg 508w, https:\/\/la-vipere-rose.art\/wp-content\/uploads\/2025\/08\/IMG_5319.jpg 1080w\" sizes=\"auto, (max-width: 819px) 100vw, 819px\" \/><\/figure>\n<\/figure>\n\n\n\n<p class=\"has-text-align-center\">Fait de lignes et de dotwork, mon style joue avec les textures pour apporter des nuances et de la finesse \u00e0 ton tatouage. Je tatoue en noir principalement et le bleu arrive petit \u00e0 petit !<\/p>\n\n\n\n<p class=\"has-text-align-center\">N\u2019h\u00e9sitez pas \u00e0 me parler de vos id\u00e9es !<\/p>\n\n\n\n<p class=\"has-text-align-center\">H\u00e2te d\u2019encrer vos peaux !\u00a0<\/p>\n\n\n<div class=\"wp-block-image is-style-rounded\">\n<figure class=\"aligncenter size-large is-resized\"><img loading=\"lazy\" decoding=\"async\" width=\"768\" height=\"1024\" src=\"https:\/\/la-vipere-rose.art\/wp-content\/uploads\/2025\/08\/IMG_9402-1-768x1024.jpg\" alt=\"\" class=\"wp-image-574\" style=\"width:352px;height:auto\" srcset=\"https:\/\/la-vipere-rose.art\/wp-content\/uploads\/2025\/08\/IMG_9402-1-768x1024.jpg 768w, https:\/\/la-vipere-rose.art\/wp-content\/uploads\/2025\/08\/IMG_9402-1-225x300.jpg 225w, https:\/\/la-vipere-rose.art\/wp-content\/uploads\/2025\/08\/IMG_9402-1-1152x1536.jpg 1152w, https:\/\/la-vipere-rose.art\/wp-content\/uploads\/2025\/08\/IMG_9402-1-1536x2048.jpg 1536w, https:\/\/la-vipere-rose.art\/wp-content\/uploads\/2025\/08\/IMG_9402-1-1240x1653.jpg 1240w, https:\/\/la-vipere-rose.art\/wp-content\/uploads\/2025\/08\/IMG_9402-1-508x677.jpg 508w, https:\/\/la-vipere-rose.art\/wp-content\/uploads\/2025\/08\/IMG_9402-1-scaled.jpg 1920w\" sizes=\"auto, (max-width: 768px) 100vw, 768px\" \/><\/figure>\n<\/div>","protected":false},"excerpt":{"rendered":"<p>Hello ! Je suis Am\u00e9lie et j\u2019ai 33 ans. Je tatoue depuis quelques ann\u00e9es et j\u2019ai officialis\u00e9 ma pratique en d\u00e9cembre 2023. D\u2019aussi loin que je me souvienne, j\u2019ai toujours dessin\u00e9, bricol\u00e9 et cr\u00e9\u00e9. J\u2019ai commenc\u00e9 des \u00e9tudes dans l\u2019architecture, pour les terminer dans le graphisme et l\u2019\u00e9dition. J\u2019ai d\u00e9but\u00e9 en tant que graphiste free-lance, [&hellip;]<\/p>\n","protected":false},"author":2,"featured_media":0,"parent":2,"menu_order":7,"comment_status":"closed","ping_status":"closed","template":"","meta":{"footnotes":""},"class_list":["post-560","page","type-page","status-publish","hentry"],"_links":{"self":[{"href":"https:\/\/la-vipere-rose.art\/index.php?rest_route=\/wp\/v2\/pages\/560","targetHints":{"allow":["GET"]}}],"collection":[{"href":"https:\/\/la-vipere-rose.art\/index.php?rest_route=\/wp\/v2\/pages"}],"about":[{"href":"https:\/\/la-vipere-rose.art\/index.php?rest_route=\/wp\/v2\/types\/page"}],"author":[{"embeddable":true,"href":"https:\/\/la-vipere-rose.art\/index.php?rest_route=\/wp\/v2\/users\/2"}],"replies":[{"embeddable":true,"href":"https:\/\/la-vipere-rose.art\/index.php?rest_route=%2Fwp%2Fv2%2Fcomments&post=560"}],"version-history":[{"count":2,"href":"https:\/\/la-vipere-rose.art\/index.php?rest_route=\/wp\/v2\/pages\/560\/revisions"}],"predecessor-version":[{"id":578,"href":"https:\/\/la-vipere-rose.art\/index.php?rest_route=\/wp\/v2\/pages\/560\/revisions\/578"}],"up":[{"embeddable":true,"href":"https:\/\/la-vipere-rose.art\/index.php?rest_route=\/wp\/v2\/pages\/2"}],"wp:attachment":[{"href":"https:\/\/la-vipere-rose.art\/index.php?rest_route=%2Fwp%2Fv2%2Fmedia&parent=560"}],"curies":[{"name":"wp","href":"https:\/\/api.w.org\/{rel}","templated":true}]}}