{"id":54,"date":"2024-02-20T11:35:17","date_gmt":"2024-02-20T10:35:17","guid":{"rendered":"https:\/\/la-vipere-rose.art\/?page_id=54"},"modified":"2025-08-09T18:32:06","modified_gmt":"2025-08-09T16:32:06","slug":"clairon","status":"publish","type":"page","link":"https:\/\/la-vipere-rose.art\/?page_id=54","title":{"rendered":"Clairon"},"content":{"rendered":"<div class=\"wp-block-image\">\n<figure class=\"aligncenter size-large is-resized\"><img loading=\"lazy\" decoding=\"async\" width=\"1024\" height=\"1024\" src=\"https:\/\/la-vipere-rose.art\/wp-content\/uploads\/2024\/04\/WhatsApp-Image-2024-04-10-at-14.32.50-1024x1024.jpeg\" alt=\"\" class=\"wp-image-342\" style=\"width:355px;height:auto\" srcset=\"https:\/\/la-vipere-rose.art\/wp-content\/uploads\/2024\/04\/WhatsApp-Image-2024-04-10-at-14.32.50-1024x1024.jpeg 1024w, https:\/\/la-vipere-rose.art\/wp-content\/uploads\/2024\/04\/WhatsApp-Image-2024-04-10-at-14.32.50-300x300.jpeg 300w, https:\/\/la-vipere-rose.art\/wp-content\/uploads\/2024\/04\/WhatsApp-Image-2024-04-10-at-14.32.50-150x150.jpeg 150w, https:\/\/la-vipere-rose.art\/wp-content\/uploads\/2024\/04\/WhatsApp-Image-2024-04-10-at-14.32.50-768x768.jpeg 768w, https:\/\/la-vipere-rose.art\/wp-content\/uploads\/2024\/04\/WhatsApp-Image-2024-04-10-at-14.32.50-100x100.jpeg 100w, https:\/\/la-vipere-rose.art\/wp-content\/uploads\/2024\/04\/WhatsApp-Image-2024-04-10-at-14.32.50.jpeg 1080w\" sizes=\"auto, (max-width: 1024px) 100vw, 1024px\" \/><\/figure>\n<\/div>\n\n\n<p class=\"has-text-align-center\">Je m&rsquo;appelle Claire et je suis tatoueuse, handpokeuse, autodidacte depuis 2021.<\/p>\n\n\n\n<p class=\"has-text-align-center\">Je travaille avec la technique du handpoke. Ici c\u2019est mon poignet qui fait le travail, je vient chercher l\u2019encre comme on le ferait avec un stylo plume, puis je pique les points un \u00e0 un pour r\u00e9aliser le tatouage. C\u2019est une pratique artisanale tr\u00e8s apaisante \u00e0 r\u00e9aliser.<\/p>\n\n\n\n<figure class=\"wp-block-gallery has-nested-images columns-default is-cropped wp-block-gallery-1 is-layout-flex wp-block-gallery-is-layout-flex\">\n<figure data-wp-context=\"{&quot;imageId&quot;:&quot;69d427450f4db&quot;}\" data-wp-interactive=\"core\/image\" data-wp-key=\"69d427450f4db\" class=\"wp-block-image size-large wp-lightbox-container\"><img loading=\"lazy\" decoding=\"async\" width=\"1024\" height=\"1024\" data-wp-class--hide=\"state.isContentHidden\" data-wp-class--show=\"state.isContentVisible\" data-wp-init=\"callbacks.setButtonStyles\" data-wp-on--click=\"actions.showLightbox\" data-wp-on--load=\"callbacks.setButtonStyles\" data-wp-on-window--resize=\"callbacks.setButtonStyles\" data-id=\"289\" src=\"https:\/\/la-vipere-rose.art\/wp-content\/uploads\/2024\/03\/733CCEC3-502F-4FB8-A228-D3A8611D5376-1024x1024.jpeg\" alt=\"\" class=\"wp-image-289\" srcset=\"https:\/\/la-vipere-rose.art\/wp-content\/uploads\/2024\/03\/733CCEC3-502F-4FB8-A228-D3A8611D5376-1024x1024.jpeg 1024w, https:\/\/la-vipere-rose.art\/wp-content\/uploads\/2024\/03\/733CCEC3-502F-4FB8-A228-D3A8611D5376-300x300.jpeg 300w, https:\/\/la-vipere-rose.art\/wp-content\/uploads\/2024\/03\/733CCEC3-502F-4FB8-A228-D3A8611D5376-150x150.jpeg 150w, https:\/\/la-vipere-rose.art\/wp-content\/uploads\/2024\/03\/733CCEC3-502F-4FB8-A228-D3A8611D5376-768x768.jpeg 768w, https:\/\/la-vipere-rose.art\/wp-content\/uploads\/2024\/03\/733CCEC3-502F-4FB8-A228-D3A8611D5376-1536x1536.jpeg 1536w, https:\/\/la-vipere-rose.art\/wp-content\/uploads\/2024\/03\/733CCEC3-502F-4FB8-A228-D3A8611D5376-2048x2048.jpeg 2048w, https:\/\/la-vipere-rose.art\/wp-content\/uploads\/2024\/03\/733CCEC3-502F-4FB8-A228-D3A8611D5376-100x100.jpeg 100w\" sizes=\"auto, (max-width: 1024px) 100vw, 1024px\" \/><button\n\t\t\tclass=\"lightbox-trigger\"\n\t\t\ttype=\"button\"\n\t\t\taria-haspopup=\"dialog\"\n\t\t\taria-label=\"Agrandir\"\n\t\t\tdata-wp-init=\"callbacks.initTriggerButton\"\n\t\t\tdata-wp-on--click=\"actions.showLightbox\"\n\t\t\tdata-wp-style--right=\"state.imageButtonRight\"\n\t\t\tdata-wp-style--top=\"state.imageButtonTop\"\n\t\t>\n\t\t\t<svg xmlns=\"http:\/\/www.w3.org\/2000\/svg\" width=\"12\" height=\"12\" fill=\"none\" viewBox=\"0 0 12 12\">\n\t\t\t\t<path fill=\"#fff\" d=\"M2 0a2 2 0 0 0-2 2v2h1.5V2a.5.5 0 0 1 .5-.5h2V0H2Zm2 10.5H2a.5.5 0 0 1-.5-.5V8H0v2a2 2 0 0 0 2 2h2v-1.5ZM8 12v-1.5h2a.5.5 0 0 0 .5-.5V8H12v2a2 2 0 0 1-2 2H8Zm2-12a2 2 0 0 1 2 2v2h-1.5V2a.5.5 0 0 0-.5-.5H8V0h2Z\" \/>\n\t\t\t<\/svg>\n\t\t<\/button><\/figure>\n\n\n\n<figure data-wp-context=\"{&quot;imageId&quot;:&quot;69d427450f9ca&quot;}\" data-wp-interactive=\"core\/image\" data-wp-key=\"69d427450f9ca\" class=\"wp-block-image size-large wp-lightbox-container\"><img loading=\"lazy\" decoding=\"async\" width=\"917\" height=\"1024\" data-wp-class--hide=\"state.isContentHidden\" data-wp-class--show=\"state.isContentVisible\" data-wp-init=\"callbacks.setButtonStyles\" data-wp-on--click=\"actions.showLightbox\" data-wp-on--load=\"callbacks.setButtonStyles\" data-wp-on-window--resize=\"callbacks.setButtonStyles\" data-id=\"337\" src=\"https:\/\/la-vipere-rose.art\/wp-content\/uploads\/2024\/04\/WhatsApp-Image-2024-04-10-at-14.36.24-917x1024.jpeg\" alt=\"\" class=\"wp-image-337\" srcset=\"https:\/\/la-vipere-rose.art\/wp-content\/uploads\/2024\/04\/WhatsApp-Image-2024-04-10-at-14.36.24-917x1024.jpeg 917w, https:\/\/la-vipere-rose.art\/wp-content\/uploads\/2024\/04\/WhatsApp-Image-2024-04-10-at-14.36.24-269x300.jpeg 269w, https:\/\/la-vipere-rose.art\/wp-content\/uploads\/2024\/04\/WhatsApp-Image-2024-04-10-at-14.36.24-768x858.jpeg 768w, https:\/\/la-vipere-rose.art\/wp-content\/uploads\/2024\/04\/WhatsApp-Image-2024-04-10-at-14.36.24-1376x1536.jpeg 1376w, https:\/\/la-vipere-rose.art\/wp-content\/uploads\/2024\/04\/WhatsApp-Image-2024-04-10-at-14.36.24.jpeg 1834w\" sizes=\"auto, (max-width: 917px) 100vw, 917px\" \/><button\n\t\t\tclass=\"lightbox-trigger\"\n\t\t\ttype=\"button\"\n\t\t\taria-haspopup=\"dialog\"\n\t\t\taria-label=\"Agrandir\"\n\t\t\tdata-wp-init=\"callbacks.initTriggerButton\"\n\t\t\tdata-wp-on--click=\"actions.showLightbox\"\n\t\t\tdata-wp-style--right=\"state.imageButtonRight\"\n\t\t\tdata-wp-style--top=\"state.imageButtonTop\"\n\t\t>\n\t\t\t<svg xmlns=\"http:\/\/www.w3.org\/2000\/svg\" width=\"12\" height=\"12\" fill=\"none\" viewBox=\"0 0 12 12\">\n\t\t\t\t<path fill=\"#fff\" d=\"M2 0a2 2 0 0 0-2 2v2h1.5V2a.5.5 0 0 1 .5-.5h2V0H2Zm2 10.5H2a.5.5 0 0 1-.5-.5V8H0v2a2 2 0 0 0 2 2h2v-1.5ZM8 12v-1.5h2a.5.5 0 0 0 .5-.5V8H12v2a2 2 0 0 1-2 2H8Zm2-12a2 2 0 0 1 2 2v2h-1.5V2a.5.5 0 0 0-.5-.5H8V0h2Z\" \/>\n\t\t\t<\/svg>\n\t\t<\/button><\/figure>\n\n\n\n<figure data-wp-context=\"{&quot;imageId&quot;:&quot;69d427450fe43&quot;}\" data-wp-interactive=\"core\/image\" data-wp-key=\"69d427450fe43\" class=\"wp-block-image size-large wp-lightbox-container\"><img loading=\"lazy\" decoding=\"async\" width=\"768\" height=\"1024\" data-wp-class--hide=\"state.isContentHidden\" data-wp-class--show=\"state.isContentVisible\" data-wp-init=\"callbacks.setButtonStyles\" data-wp-on--click=\"actions.showLightbox\" data-wp-on--load=\"callbacks.setButtonStyles\" data-wp-on-window--resize=\"callbacks.setButtonStyles\" data-id=\"293\" src=\"https:\/\/la-vipere-rose.art\/wp-content\/uploads\/2024\/03\/8CB8C8F3-AAA7-40FA-B3E8-CDE0C3B7F13A-768x1024.jpeg\" alt=\"\" class=\"wp-image-293\" srcset=\"https:\/\/la-vipere-rose.art\/wp-content\/uploads\/2024\/03\/8CB8C8F3-AAA7-40FA-B3E8-CDE0C3B7F13A-768x1024.jpeg 768w, https:\/\/la-vipere-rose.art\/wp-content\/uploads\/2024\/03\/8CB8C8F3-AAA7-40FA-B3E8-CDE0C3B7F13A-225x300.jpeg 225w, https:\/\/la-vipere-rose.art\/wp-content\/uploads\/2024\/03\/8CB8C8F3-AAA7-40FA-B3E8-CDE0C3B7F13A-1152x1536.jpeg 1152w, https:\/\/la-vipere-rose.art\/wp-content\/uploads\/2024\/03\/8CB8C8F3-AAA7-40FA-B3E8-CDE0C3B7F13A-1536x2048.jpeg 1536w, https:\/\/la-vipere-rose.art\/wp-content\/uploads\/2024\/03\/8CB8C8F3-AAA7-40FA-B3E8-CDE0C3B7F13A-scaled.jpeg 1920w\" sizes=\"auto, (max-width: 768px) 100vw, 768px\" \/><button\n\t\t\tclass=\"lightbox-trigger\"\n\t\t\ttype=\"button\"\n\t\t\taria-haspopup=\"dialog\"\n\t\t\taria-label=\"Agrandir\"\n\t\t\tdata-wp-init=\"callbacks.initTriggerButton\"\n\t\t\tdata-wp-on--click=\"actions.showLightbox\"\n\t\t\tdata-wp-style--right=\"state.imageButtonRight\"\n\t\t\tdata-wp-style--top=\"state.imageButtonTop\"\n\t\t>\n\t\t\t<svg xmlns=\"http:\/\/www.w3.org\/2000\/svg\" width=\"12\" height=\"12\" fill=\"none\" viewBox=\"0 0 12 12\">\n\t\t\t\t<path fill=\"#fff\" d=\"M2 0a2 2 0 0 0-2 2v2h1.5V2a.5.5 0 0 1 .5-.5h2V0H2Zm2 10.5H2a.5.5 0 0 1-.5-.5V8H0v2a2 2 0 0 0 2 2h2v-1.5ZM8 12v-1.5h2a.5.5 0 0 0 .5-.5V8H12v2a2 2 0 0 1-2 2H8Zm2-12a2 2 0 0 1 2 2v2h-1.5V2a.5.5 0 0 0-.5-.5H8V0h2Z\" \/>\n\t\t\t<\/svg>\n\t\t<\/button><\/figure>\n<\/figure>\n\n\n\n<p><\/p>\n\n\n\n<p class=\"has-text-align-center\">Mon travail s\u2019axe principalement autour de motifs ornementaux compos\u00e9s de points et d\u2019\u00e9l\u00e9ments en d\u00e9grad\u00e9s de gris. Je me nourrit de tous types de formes, j&rsquo;aime surtout les mosa\u00efques, les tentures et les portes en m\u00e9tal avec de belles courbes.<br>Mes cr\u00e9ations naissent souvent de tests dessin\u00e9s directement sur les corps.<br>J&rsquo;ai aussi des inspirations plus abstraites, et m\u2019int\u00e9resse beaucoup \u00e0 l\u2019\u00e9sot\u00e9risme. Il y a \u00e9norm\u00e9ment de formes sacr\u00e9es qui sont int\u00e9ressantes \u00e0 retravailler ou qui donnent simplement des id\u00e9es.<\/p>\n\n\n\n<p class=\"has-text-align-center\">Je consid\u00e8re le tatouage comme un moyen de s\u2019accepter et d\u2019embellir le corps.<br>J&rsquo;aime prendre le temps d\u2019adapter les motifs avec mes clientes pour matcher avec leur morphologie.<\/p>\n\n\n\n<figure class=\"wp-block-gallery has-nested-images columns-default is-cropped wp-block-gallery-2 is-layout-flex wp-block-gallery-is-layout-flex\">\n<figure data-wp-context=\"{&quot;imageId&quot;:&quot;69d4274510478&quot;}\" data-wp-interactive=\"core\/image\" data-wp-key=\"69d4274510478\" class=\"wp-block-image size-large wp-lightbox-container\"><img loading=\"lazy\" decoding=\"async\" width=\"1024\" height=\"1024\" data-wp-class--hide=\"state.isContentHidden\" data-wp-class--show=\"state.isContentVisible\" data-wp-init=\"callbacks.setButtonStyles\" data-wp-on--click=\"actions.showLightbox\" data-wp-on--load=\"callbacks.setButtonStyles\" data-wp-on-window--resize=\"callbacks.setButtonStyles\" data-id=\"339\" src=\"https:\/\/la-vipere-rose.art\/wp-content\/uploads\/2024\/04\/WhatsApp-Image-2024-04-10-at-14.33.59-1-1024x1024.jpeg\" alt=\"\" class=\"wp-image-339\" srcset=\"https:\/\/la-vipere-rose.art\/wp-content\/uploads\/2024\/04\/WhatsApp-Image-2024-04-10-at-14.33.59-1-1024x1024.jpeg 1024w, https:\/\/la-vipere-rose.art\/wp-content\/uploads\/2024\/04\/WhatsApp-Image-2024-04-10-at-14.33.59-1-300x300.jpeg 300w, https:\/\/la-vipere-rose.art\/wp-content\/uploads\/2024\/04\/WhatsApp-Image-2024-04-10-at-14.33.59-1-150x150.jpeg 150w, https:\/\/la-vipere-rose.art\/wp-content\/uploads\/2024\/04\/WhatsApp-Image-2024-04-10-at-14.33.59-1-768x768.jpeg 768w, https:\/\/la-vipere-rose.art\/wp-content\/uploads\/2024\/04\/WhatsApp-Image-2024-04-10-at-14.33.59-1-1536x1536.jpeg 1536w, https:\/\/la-vipere-rose.art\/wp-content\/uploads\/2024\/04\/WhatsApp-Image-2024-04-10-at-14.33.59-1-100x100.jpeg 100w, https:\/\/la-vipere-rose.art\/wp-content\/uploads\/2024\/04\/WhatsApp-Image-2024-04-10-at-14.33.59-1.jpeg 2048w\" sizes=\"auto, (max-width: 1024px) 100vw, 1024px\" \/><button\n\t\t\tclass=\"lightbox-trigger\"\n\t\t\ttype=\"button\"\n\t\t\taria-haspopup=\"dialog\"\n\t\t\taria-label=\"Agrandir\"\n\t\t\tdata-wp-init=\"callbacks.initTriggerButton\"\n\t\t\tdata-wp-on--click=\"actions.showLightbox\"\n\t\t\tdata-wp-style--right=\"state.imageButtonRight\"\n\t\t\tdata-wp-style--top=\"state.imageButtonTop\"\n\t\t>\n\t\t\t<svg xmlns=\"http:\/\/www.w3.org\/2000\/svg\" width=\"12\" height=\"12\" fill=\"none\" viewBox=\"0 0 12 12\">\n\t\t\t\t<path fill=\"#fff\" d=\"M2 0a2 2 0 0 0-2 2v2h1.5V2a.5.5 0 0 1 .5-.5h2V0H2Zm2 10.5H2a.5.5 0 0 1-.5-.5V8H0v2a2 2 0 0 0 2 2h2v-1.5ZM8 12v-1.5h2a.5.5 0 0 0 .5-.5V8H12v2a2 2 0 0 1-2 2H8Zm2-12a2 2 0 0 1 2 2v2h-1.5V2a.5.5 0 0 0-.5-.5H8V0h2Z\" \/>\n\t\t\t<\/svg>\n\t\t<\/button><\/figure>\n\n\n\n<figure data-wp-context=\"{&quot;imageId&quot;:&quot;69d42745108e7&quot;}\" data-wp-interactive=\"core\/image\" data-wp-key=\"69d42745108e7\" class=\"wp-block-image size-large wp-lightbox-container\"><img loading=\"lazy\" decoding=\"async\" width=\"1024\" height=\"1024\" data-wp-class--hide=\"state.isContentHidden\" data-wp-class--show=\"state.isContentVisible\" data-wp-init=\"callbacks.setButtonStyles\" data-wp-on--click=\"actions.showLightbox\" data-wp-on--load=\"callbacks.setButtonStyles\" data-wp-on-window--resize=\"callbacks.setButtonStyles\" data-id=\"340\" src=\"https:\/\/la-vipere-rose.art\/wp-content\/uploads\/2024\/04\/WhatsApp-Image-2024-04-10-at-14.33.56-1024x1024.jpeg\" alt=\"\" class=\"wp-image-340\" srcset=\"https:\/\/la-vipere-rose.art\/wp-content\/uploads\/2024\/04\/WhatsApp-Image-2024-04-10-at-14.33.56-1024x1024.jpeg 1024w, https:\/\/la-vipere-rose.art\/wp-content\/uploads\/2024\/04\/WhatsApp-Image-2024-04-10-at-14.33.56-300x300.jpeg 300w, https:\/\/la-vipere-rose.art\/wp-content\/uploads\/2024\/04\/WhatsApp-Image-2024-04-10-at-14.33.56-150x150.jpeg 150w, https:\/\/la-vipere-rose.art\/wp-content\/uploads\/2024\/04\/WhatsApp-Image-2024-04-10-at-14.33.56-768x768.jpeg 768w, https:\/\/la-vipere-rose.art\/wp-content\/uploads\/2024\/04\/WhatsApp-Image-2024-04-10-at-14.33.56-1536x1536.jpeg 1536w, https:\/\/la-vipere-rose.art\/wp-content\/uploads\/2024\/04\/WhatsApp-Image-2024-04-10-at-14.33.56-100x100.jpeg 100w, https:\/\/la-vipere-rose.art\/wp-content\/uploads\/2024\/04\/WhatsApp-Image-2024-04-10-at-14.33.56.jpeg 2048w\" sizes=\"auto, (max-width: 1024px) 100vw, 1024px\" \/><button\n\t\t\tclass=\"lightbox-trigger\"\n\t\t\ttype=\"button\"\n\t\t\taria-haspopup=\"dialog\"\n\t\t\taria-label=\"Agrandir\"\n\t\t\tdata-wp-init=\"callbacks.initTriggerButton\"\n\t\t\tdata-wp-on--click=\"actions.showLightbox\"\n\t\t\tdata-wp-style--right=\"state.imageButtonRight\"\n\t\t\tdata-wp-style--top=\"state.imageButtonTop\"\n\t\t>\n\t\t\t<svg xmlns=\"http:\/\/www.w3.org\/2000\/svg\" width=\"12\" height=\"12\" fill=\"none\" viewBox=\"0 0 12 12\">\n\t\t\t\t<path fill=\"#fff\" d=\"M2 0a2 2 0 0 0-2 2v2h1.5V2a.5.5 0 0 1 .5-.5h2V0H2Zm2 10.5H2a.5.5 0 0 1-.5-.5V8H0v2a2 2 0 0 0 2 2h2v-1.5ZM8 12v-1.5h2a.5.5 0 0 0 .5-.5V8H12v2a2 2 0 0 1-2 2H8Zm2-12a2 2 0 0 1 2 2v2h-1.5V2a.5.5 0 0 0-.5-.5H8V0h2Z\" \/>\n\t\t\t<\/svg>\n\t\t<\/button><\/figure>\n\n\n\n<figure data-wp-context=\"{&quot;imageId&quot;:&quot;69d4274510da1&quot;}\" data-wp-interactive=\"core\/image\" data-wp-key=\"69d4274510da1\" class=\"wp-block-image size-large wp-lightbox-container\"><img loading=\"lazy\" decoding=\"async\" width=\"1024\" height=\"1024\" data-wp-class--hide=\"state.isContentHidden\" data-wp-class--show=\"state.isContentVisible\" data-wp-init=\"callbacks.setButtonStyles\" data-wp-on--click=\"actions.showLightbox\" data-wp-on--load=\"callbacks.setButtonStyles\" data-wp-on-window--resize=\"callbacks.setButtonStyles\" data-id=\"341\" src=\"https:\/\/la-vipere-rose.art\/wp-content\/uploads\/2024\/04\/WhatsApp-Image-2024-04-10-at-14.33.59-1024x1024.jpeg\" alt=\"\" class=\"wp-image-341\" srcset=\"https:\/\/la-vipere-rose.art\/wp-content\/uploads\/2024\/04\/WhatsApp-Image-2024-04-10-at-14.33.59-1024x1024.jpeg 1024w, https:\/\/la-vipere-rose.art\/wp-content\/uploads\/2024\/04\/WhatsApp-Image-2024-04-10-at-14.33.59-300x300.jpeg 300w, https:\/\/la-vipere-rose.art\/wp-content\/uploads\/2024\/04\/WhatsApp-Image-2024-04-10-at-14.33.59-150x150.jpeg 150w, https:\/\/la-vipere-rose.art\/wp-content\/uploads\/2024\/04\/WhatsApp-Image-2024-04-10-at-14.33.59-768x768.jpeg 768w, https:\/\/la-vipere-rose.art\/wp-content\/uploads\/2024\/04\/WhatsApp-Image-2024-04-10-at-14.33.59-1536x1536.jpeg 1536w, https:\/\/la-vipere-rose.art\/wp-content\/uploads\/2024\/04\/WhatsApp-Image-2024-04-10-at-14.33.59-100x100.jpeg 100w, https:\/\/la-vipere-rose.art\/wp-content\/uploads\/2024\/04\/WhatsApp-Image-2024-04-10-at-14.33.59.jpeg 2048w\" sizes=\"auto, (max-width: 1024px) 100vw, 1024px\" \/><button\n\t\t\tclass=\"lightbox-trigger\"\n\t\t\ttype=\"button\"\n\t\t\taria-haspopup=\"dialog\"\n\t\t\taria-label=\"Agrandir\"\n\t\t\tdata-wp-init=\"callbacks.initTriggerButton\"\n\t\t\tdata-wp-on--click=\"actions.showLightbox\"\n\t\t\tdata-wp-style--right=\"state.imageButtonRight\"\n\t\t\tdata-wp-style--top=\"state.imageButtonTop\"\n\t\t>\n\t\t\t<svg xmlns=\"http:\/\/www.w3.org\/2000\/svg\" width=\"12\" height=\"12\" fill=\"none\" viewBox=\"0 0 12 12\">\n\t\t\t\t<path fill=\"#fff\" d=\"M2 0a2 2 0 0 0-2 2v2h1.5V2a.5.5 0 0 1 .5-.5h2V0H2Zm2 10.5H2a.5.5 0 0 1-.5-.5V8H0v2a2 2 0 0 0 2 2h2v-1.5ZM8 12v-1.5h2a.5.5 0 0 0 .5-.5V8H12v2a2 2 0 0 1-2 2H8Zm2-12a2 2 0 0 1 2 2v2h-1.5V2a.5.5 0 0 0-.5-.5H8V0h2Z\" \/>\n\t\t\t<\/svg>\n\t\t<\/button><\/figure>\n<\/figure>\n\n\n\n<p class=\"has-text-align-center\"><br>J&rsquo;ai souvent entendu dire qu\u2019on attire ce qu\u2019on est, et j&rsquo;ai l\u2019impression que c\u2019est vrai lorsque que je rencontre mes clientes et clients.<br>Je trouve \u00e7a g\u00e9nial de constamment rencontrer et d\u2019\u00e9changer avec de nouvelles personnes.<br>Les s\u00e9ances se transforment en moment de vie ou on parle de tout, nos voyages, nos exp\u00e9riences, nos passions, nos croyances, etc.<\/p>\n\n\n\n<p><\/p>\n","protected":false},"excerpt":{"rendered":"<p>Je m&rsquo;appelle Claire et je suis tatoueuse, handpokeuse, autodidacte depuis 2021. Je travaille avec la technique du handpoke. Ici c\u2019est mon poignet qui fait le travail, je vient chercher l\u2019encre comme on le ferait avec un stylo plume, puis je pique les points un \u00e0 un pour r\u00e9aliser le tatouage. C\u2019est une pratique artisanale tr\u00e8s [&hellip;]<\/p>\n","protected":false},"author":2,"featured_media":0,"parent":2,"menu_order":2,"comment_status":"closed","ping_status":"closed","template":"","meta":{"footnotes":""},"class_list":["post-54","page","type-page","status-publish","hentry"],"_links":{"self":[{"href":"https:\/\/la-vipere-rose.art\/index.php?rest_route=\/wp\/v2\/pages\/54","targetHints":{"allow":["GET"]}}],"collection":[{"href":"https:\/\/la-vipere-rose.art\/index.php?rest_route=\/wp\/v2\/pages"}],"about":[{"href":"https:\/\/la-vipere-rose.art\/index.php?rest_route=\/wp\/v2\/types\/page"}],"author":[{"embeddable":true,"href":"https:\/\/la-vipere-rose.art\/index.php?rest_route=\/wp\/v2\/users\/2"}],"replies":[{"embeddable":true,"href":"https:\/\/la-vipere-rose.art\/index.php?rest_route=%2Fwp%2Fv2%2Fcomments&post=54"}],"version-history":[{"count":8,"href":"https:\/\/la-vipere-rose.art\/index.php?rest_route=\/wp\/v2\/pages\/54\/revisions"}],"predecessor-version":[{"id":582,"href":"https:\/\/la-vipere-rose.art\/index.php?rest_route=\/wp\/v2\/pages\/54\/revisions\/582"}],"up":[{"embeddable":true,"href":"https:\/\/la-vipere-rose.art\/index.php?rest_route=\/wp\/v2\/pages\/2"}],"wp:attachment":[{"href":"https:\/\/la-vipere-rose.art\/index.php?rest_route=%2Fwp%2Fv2%2Fmedia&parent=54"}],"curies":[{"name":"wp","href":"https:\/\/api.w.org\/{rel}","templated":true}]}}