{"id":52,"date":"2024-02-20T11:34:39","date_gmt":"2024-02-20T10:34:39","guid":{"rendered":"https:\/\/la-vipere-rose.art\/?page_id=52"},"modified":"2025-08-09T18:34:15","modified_gmt":"2025-08-09T16:34:15","slug":"chlorys-des-bois","status":"publish","type":"page","link":"https:\/\/la-vipere-rose.art\/?page_id=52","title":{"rendered":"Chlorys des Bois"},"content":{"rendered":"<div class=\"wp-block-image is-style-rounded\">\n<figure class=\"aligncenter size-large is-resized\"><img loading=\"lazy\" decoding=\"async\" width=\"768\" height=\"1024\" src=\"https:\/\/la-vipere-rose.art\/wp-content\/uploads\/2024\/04\/image_6487327-768x1024.jpg\" alt=\"\" class=\"wp-image-328\" style=\"width:281px;height:auto\" srcset=\"https:\/\/la-vipere-rose.art\/wp-content\/uploads\/2024\/04\/image_6487327-768x1024.jpg 768w, https:\/\/la-vipere-rose.art\/wp-content\/uploads\/2024\/04\/image_6487327-225x300.jpg 225w, https:\/\/la-vipere-rose.art\/wp-content\/uploads\/2024\/04\/image_6487327-1152x1536.jpg 1152w, https:\/\/la-vipere-rose.art\/wp-content\/uploads\/2024\/04\/image_6487327-1536x2048.jpg 1536w, https:\/\/la-vipere-rose.art\/wp-content\/uploads\/2024\/04\/image_6487327-scaled.jpg 1920w\" sizes=\"auto, (max-width: 768px) 100vw, 768px\" \/><\/figure>\n<\/div>\n\n\n<p class=\"has-text-align-center\">Je m&rsquo;appelle Chlo\u00e9, et mon nom d\u2019artiste est issu de la mythologie grecque : <br>Chloris est une nymphe des bois, des fleurs et des plantes.<\/p>\n\n\n\n<figure class=\"wp-block-gallery has-nested-images columns-default is-cropped wp-block-gallery-1 is-layout-flex wp-block-gallery-is-layout-flex\">\n<figure data-wp-context=\"{&quot;imageId&quot;:&quot;69e8d7de362b2&quot;}\" data-wp-interactive=\"core\/image\" data-wp-key=\"69e8d7de362b2\" class=\"wp-block-image size-full wp-lightbox-container\"><img loading=\"lazy\" decoding=\"async\" width=\"750\" height=\"1000\" data-wp-class--hide=\"state.isContentHidden\" data-wp-class--show=\"state.isContentVisible\" data-wp-init=\"callbacks.setButtonStyles\" data-wp-on--click=\"actions.showLightbox\" data-wp-on--load=\"callbacks.setButtonStyles\" data-wp-on-window--resize=\"callbacks.setButtonStyles\" data-id=\"275\" src=\"https:\/\/la-vipere-rose.art\/wp-content\/uploads\/2024\/03\/A5234185-8668-440D-BD0E-57FC8D60BF5F.jpeg\" alt=\"\" class=\"wp-image-275\" srcset=\"https:\/\/la-vipere-rose.art\/wp-content\/uploads\/2024\/03\/A5234185-8668-440D-BD0E-57FC8D60BF5F.jpeg 750w, https:\/\/la-vipere-rose.art\/wp-content\/uploads\/2024\/03\/A5234185-8668-440D-BD0E-57FC8D60BF5F-225x300.jpeg 225w\" sizes=\"auto, (max-width: 750px) 100vw, 750px\" \/><button\n\t\t\tclass=\"lightbox-trigger\"\n\t\t\ttype=\"button\"\n\t\t\taria-haspopup=\"dialog\"\n\t\t\taria-label=\"Agrandir\"\n\t\t\tdata-wp-init=\"callbacks.initTriggerButton\"\n\t\t\tdata-wp-on--click=\"actions.showLightbox\"\n\t\t\tdata-wp-style--right=\"state.imageButtonRight\"\n\t\t\tdata-wp-style--top=\"state.imageButtonTop\"\n\t\t>\n\t\t\t<svg xmlns=\"http:\/\/www.w3.org\/2000\/svg\" width=\"12\" height=\"12\" fill=\"none\" viewBox=\"0 0 12 12\">\n\t\t\t\t<path fill=\"#fff\" d=\"M2 0a2 2 0 0 0-2 2v2h1.5V2a.5.5 0 0 1 .5-.5h2V0H2Zm2 10.5H2a.5.5 0 0 1-.5-.5V8H0v2a2 2 0 0 0 2 2h2v-1.5ZM8 12v-1.5h2a.5.5 0 0 0 .5-.5V8H12v2a2 2 0 0 1-2 2H8Zm2-12a2 2 0 0 1 2 2v2h-1.5V2a.5.5 0 0 0-.5-.5H8V0h2Z\" \/>\n\t\t\t<\/svg>\n\t\t<\/button><\/figure>\n\n\n\n<figure data-wp-context=\"{&quot;imageId&quot;:&quot;69e8d7de3682f&quot;}\" data-wp-interactive=\"core\/image\" data-wp-key=\"69e8d7de3682f\" class=\"wp-block-image size-full wp-lightbox-container\"><img loading=\"lazy\" decoding=\"async\" width=\"750\" height=\"1000\" data-wp-class--hide=\"state.isContentHidden\" data-wp-class--show=\"state.isContentVisible\" data-wp-init=\"callbacks.setButtonStyles\" data-wp-on--click=\"actions.showLightbox\" data-wp-on--load=\"callbacks.setButtonStyles\" data-wp-on-window--resize=\"callbacks.setButtonStyles\" data-id=\"276\" src=\"https:\/\/la-vipere-rose.art\/wp-content\/uploads\/2024\/03\/01D94039-1C96-46A3-B051-559649CB89E8.jpeg\" alt=\"\" class=\"wp-image-276\" srcset=\"https:\/\/la-vipere-rose.art\/wp-content\/uploads\/2024\/03\/01D94039-1C96-46A3-B051-559649CB89E8.jpeg 750w, https:\/\/la-vipere-rose.art\/wp-content\/uploads\/2024\/03\/01D94039-1C96-46A3-B051-559649CB89E8-225x300.jpeg 225w\" sizes=\"auto, (max-width: 750px) 100vw, 750px\" \/><button\n\t\t\tclass=\"lightbox-trigger\"\n\t\t\ttype=\"button\"\n\t\t\taria-haspopup=\"dialog\"\n\t\t\taria-label=\"Agrandir\"\n\t\t\tdata-wp-init=\"callbacks.initTriggerButton\"\n\t\t\tdata-wp-on--click=\"actions.showLightbox\"\n\t\t\tdata-wp-style--right=\"state.imageButtonRight\"\n\t\t\tdata-wp-style--top=\"state.imageButtonTop\"\n\t\t>\n\t\t\t<svg xmlns=\"http:\/\/www.w3.org\/2000\/svg\" width=\"12\" height=\"12\" fill=\"none\" viewBox=\"0 0 12 12\">\n\t\t\t\t<path fill=\"#fff\" d=\"M2 0a2 2 0 0 0-2 2v2h1.5V2a.5.5 0 0 1 .5-.5h2V0H2Zm2 10.5H2a.5.5 0 0 1-.5-.5V8H0v2a2 2 0 0 0 2 2h2v-1.5ZM8 12v-1.5h2a.5.5 0 0 0 .5-.5V8H12v2a2 2 0 0 1-2 2H8Zm2-12a2 2 0 0 1 2 2v2h-1.5V2a.5.5 0 0 0-.5-.5H8V0h2Z\" \/>\n\t\t\t<\/svg>\n\t\t<\/button><\/figure>\n\n\n\n<figure data-wp-context=\"{&quot;imageId&quot;:&quot;69e8d7de36d23&quot;}\" data-wp-interactive=\"core\/image\" data-wp-key=\"69e8d7de36d23\" class=\"wp-block-image size-full wp-lightbox-container\"><img loading=\"lazy\" decoding=\"async\" width=\"750\" height=\"1000\" data-wp-class--hide=\"state.isContentHidden\" data-wp-class--show=\"state.isContentVisible\" data-wp-init=\"callbacks.setButtonStyles\" data-wp-on--click=\"actions.showLightbox\" data-wp-on--load=\"callbacks.setButtonStyles\" data-wp-on-window--resize=\"callbacks.setButtonStyles\" data-id=\"277\" src=\"https:\/\/la-vipere-rose.art\/wp-content\/uploads\/2024\/03\/90F54115-AC29-4337-9519-1299F4AA3509.jpeg\" alt=\"\" class=\"wp-image-277\" srcset=\"https:\/\/la-vipere-rose.art\/wp-content\/uploads\/2024\/03\/90F54115-AC29-4337-9519-1299F4AA3509.jpeg 750w, https:\/\/la-vipere-rose.art\/wp-content\/uploads\/2024\/03\/90F54115-AC29-4337-9519-1299F4AA3509-225x300.jpeg 225w\" sizes=\"auto, (max-width: 750px) 100vw, 750px\" \/><button\n\t\t\tclass=\"lightbox-trigger\"\n\t\t\ttype=\"button\"\n\t\t\taria-haspopup=\"dialog\"\n\t\t\taria-label=\"Agrandir\"\n\t\t\tdata-wp-init=\"callbacks.initTriggerButton\"\n\t\t\tdata-wp-on--click=\"actions.showLightbox\"\n\t\t\tdata-wp-style--right=\"state.imageButtonRight\"\n\t\t\tdata-wp-style--top=\"state.imageButtonTop\"\n\t\t>\n\t\t\t<svg xmlns=\"http:\/\/www.w3.org\/2000\/svg\" width=\"12\" height=\"12\" fill=\"none\" viewBox=\"0 0 12 12\">\n\t\t\t\t<path fill=\"#fff\" d=\"M2 0a2 2 0 0 0-2 2v2h1.5V2a.5.5 0 0 1 .5-.5h2V0H2Zm2 10.5H2a.5.5 0 0 1-.5-.5V8H0v2a2 2 0 0 0 2 2h2v-1.5ZM8 12v-1.5h2a.5.5 0 0 0 .5-.5V8H12v2a2 2 0 0 1-2 2H8Zm2-12a2 2 0 0 1 2 2v2h-1.5V2a.5.5 0 0 0-.5-.5H8V0h2Z\" \/>\n\t\t\t<\/svg>\n\t\t<\/button><\/figure>\n<\/figure>\n\n\n\n<p class=\"has-text-align-center\"><br>Apr\u00e8s des \u00e9tudes d\u2019Histoire, j&rsquo;effectue un m\u00e9moire de recherche intitul\u00e9\u00a0<em>Les ouvri\u00e8res de la sexualit\u00e9. La prostitution de rue \u00e0 Lyon, 1684-1804<\/em>. Gr\u00e2ce \u00e0 ce travail, je m&rsquo;int\u00e9resse \u00e0 l\u2019Histoire du genre, des femmes, du f\u00e9minisme, des corps et des sexualit\u00e9s. Je comprends alors tr\u00e8s vite que le monde de la recherche n\u2019est pas fait pour moi et que j&rsquo;ai besoin de quelque chose de plus \u00ab\u00a0concret\u00a0\u00bb. Dessinant depuis toute petite, c\u2019est assez naturellement que je me lance dans le tatouage il y a maintenant deux ans. Je consid\u00e8re le tatouage comme une d\u00e9marche \u00e0 la fois intime et politique, de r\u00e9appropriation des corps et d\u2019affirmation de soi. J&rsquo;essaie de retranscrire cela dans ma pratique, nourrie de mes recherches en sciences sociales.<\/p>\n\n\n\n<figure class=\"wp-block-gallery has-nested-images columns-default is-cropped wp-block-gallery-2 is-layout-flex wp-block-gallery-is-layout-flex\">\n<figure data-wp-context=\"{&quot;imageId&quot;:&quot;69e8d7de37373&quot;}\" data-wp-interactive=\"core\/image\" data-wp-key=\"69e8d7de37373\" class=\"wp-block-image size-large wp-lightbox-container\"><img loading=\"lazy\" decoding=\"async\" width=\"768\" height=\"1024\" data-wp-class--hide=\"state.isContentHidden\" data-wp-class--show=\"state.isContentVisible\" data-wp-init=\"callbacks.setButtonStyles\" data-wp-on--click=\"actions.showLightbox\" data-wp-on--load=\"callbacks.setButtonStyles\" data-wp-on-window--resize=\"callbacks.setButtonStyles\" data-id=\"280\" src=\"http:\/\/la-vipere-rose.art\/wp-content\/uploads\/2024\/03\/B95737DC-DD0B-4664-BBBE-552E615D1EAB-768x1024.jpeg\" alt=\"\" class=\"wp-image-280\" srcset=\"https:\/\/la-vipere-rose.art\/wp-content\/uploads\/2024\/03\/B95737DC-DD0B-4664-BBBE-552E615D1EAB-768x1024.jpeg 768w, https:\/\/la-vipere-rose.art\/wp-content\/uploads\/2024\/03\/B95737DC-DD0B-4664-BBBE-552E615D1EAB-225x300.jpeg 225w, https:\/\/la-vipere-rose.art\/wp-content\/uploads\/2024\/03\/B95737DC-DD0B-4664-BBBE-552E615D1EAB-1152x1536.jpeg 1152w, https:\/\/la-vipere-rose.art\/wp-content\/uploads\/2024\/03\/B95737DC-DD0B-4664-BBBE-552E615D1EAB-1536x2048.jpeg 1536w, https:\/\/la-vipere-rose.art\/wp-content\/uploads\/2024\/03\/B95737DC-DD0B-4664-BBBE-552E615D1EAB-scaled.jpeg 1920w\" sizes=\"auto, (max-width: 768px) 100vw, 768px\" \/><button\n\t\t\tclass=\"lightbox-trigger\"\n\t\t\ttype=\"button\"\n\t\t\taria-haspopup=\"dialog\"\n\t\t\taria-label=\"Agrandir\"\n\t\t\tdata-wp-init=\"callbacks.initTriggerButton\"\n\t\t\tdata-wp-on--click=\"actions.showLightbox\"\n\t\t\tdata-wp-style--right=\"state.imageButtonRight\"\n\t\t\tdata-wp-style--top=\"state.imageButtonTop\"\n\t\t>\n\t\t\t<svg xmlns=\"http:\/\/www.w3.org\/2000\/svg\" width=\"12\" height=\"12\" fill=\"none\" viewBox=\"0 0 12 12\">\n\t\t\t\t<path fill=\"#fff\" d=\"M2 0a2 2 0 0 0-2 2v2h1.5V2a.5.5 0 0 1 .5-.5h2V0H2Zm2 10.5H2a.5.5 0 0 1-.5-.5V8H0v2a2 2 0 0 0 2 2h2v-1.5ZM8 12v-1.5h2a.5.5 0 0 0 .5-.5V8H12v2a2 2 0 0 1-2 2H8Zm2-12a2 2 0 0 1 2 2v2h-1.5V2a.5.5 0 0 0-.5-.5H8V0h2Z\" \/>\n\t\t\t<\/svg>\n\t\t<\/button><\/figure>\n\n\n\n<figure data-wp-context=\"{&quot;imageId&quot;:&quot;69e8d7de37861&quot;}\" data-wp-interactive=\"core\/image\" data-wp-key=\"69e8d7de37861\" class=\"wp-block-image size-large wp-lightbox-container\"><img loading=\"lazy\" decoding=\"async\" width=\"661\" height=\"1000\" data-wp-class--hide=\"state.isContentHidden\" data-wp-class--show=\"state.isContentVisible\" data-wp-init=\"callbacks.setButtonStyles\" data-wp-on--click=\"actions.showLightbox\" data-wp-on--load=\"callbacks.setButtonStyles\" data-wp-on-window--resize=\"callbacks.setButtonStyles\" data-id=\"279\" src=\"https:\/\/la-vipere-rose.art\/wp-content\/uploads\/2024\/03\/9EC64B26-519C-4374-AF68-54E29DFE3E4E.jpeg\" alt=\"\" class=\"wp-image-279\" srcset=\"https:\/\/la-vipere-rose.art\/wp-content\/uploads\/2024\/03\/9EC64B26-519C-4374-AF68-54E29DFE3E4E.jpeg 661w, https:\/\/la-vipere-rose.art\/wp-content\/uploads\/2024\/03\/9EC64B26-519C-4374-AF68-54E29DFE3E4E-198x300.jpeg 198w\" sizes=\"auto, (max-width: 661px) 100vw, 661px\" \/><button\n\t\t\tclass=\"lightbox-trigger\"\n\t\t\ttype=\"button\"\n\t\t\taria-haspopup=\"dialog\"\n\t\t\taria-label=\"Agrandir\"\n\t\t\tdata-wp-init=\"callbacks.initTriggerButton\"\n\t\t\tdata-wp-on--click=\"actions.showLightbox\"\n\t\t\tdata-wp-style--right=\"state.imageButtonRight\"\n\t\t\tdata-wp-style--top=\"state.imageButtonTop\"\n\t\t>\n\t\t\t<svg xmlns=\"http:\/\/www.w3.org\/2000\/svg\" width=\"12\" height=\"12\" fill=\"none\" viewBox=\"0 0 12 12\">\n\t\t\t\t<path fill=\"#fff\" d=\"M2 0a2 2 0 0 0-2 2v2h1.5V2a.5.5 0 0 1 .5-.5h2V0H2Zm2 10.5H2a.5.5 0 0 1-.5-.5V8H0v2a2 2 0 0 0 2 2h2v-1.5ZM8 12v-1.5h2a.5.5 0 0 0 .5-.5V8H12v2a2 2 0 0 1-2 2H8Zm2-12a2 2 0 0 1 2 2v2h-1.5V2a.5.5 0 0 0-.5-.5H8V0h2Z\" \/>\n\t\t\t<\/svg>\n\t\t<\/button><\/figure>\n<\/figure>\n\n\n\n<p class=\"has-text-align-center\"><br>Mon style s\u2019inspire du v\u00e9g\u00e9tal tout en combinant lignes fines et aplats de remplissage. Je dessine beaucoup de fleurs, de plantes et d\u2019insectes, mais je suis ravie \u00e0 chaque fois de travailler sur des projets qui la sortent un peu de ma \u00ab&nbsp;zone de confort&nbsp;\u00bb. Je tatoue pour l\u2019instant en noir, en rouge, en bleu et en vert.<\/p>\n\n\n<div class=\"wp-block-image\">\n<figure data-wp-context=\"{&quot;imageId&quot;:&quot;69e8d7de3802f&quot;}\" data-wp-interactive=\"core\/image\" data-wp-key=\"69e8d7de3802f\" class=\"aligncenter size-large is-resized wp-lightbox-container\"><img loading=\"lazy\" decoding=\"async\" width=\"768\" height=\"1024\" data-wp-class--hide=\"state.isContentHidden\" data-wp-class--show=\"state.isContentVisible\" data-wp-init=\"callbacks.setButtonStyles\" data-wp-on--click=\"actions.showLightbox\" data-wp-on--load=\"callbacks.setButtonStyles\" data-wp-on-window--resize=\"callbacks.setButtonStyles\" src=\"https:\/\/la-vipere-rose.art\/wp-content\/uploads\/2024\/03\/25F0A8E0-9338-4F1B-ABB2-1AA55C17DBA6-768x1024.jpeg\" alt=\"\" class=\"wp-image-283\" style=\"width:314px;height:auto\" srcset=\"https:\/\/la-vipere-rose.art\/wp-content\/uploads\/2024\/03\/25F0A8E0-9338-4F1B-ABB2-1AA55C17DBA6-768x1024.jpeg 768w, https:\/\/la-vipere-rose.art\/wp-content\/uploads\/2024\/03\/25F0A8E0-9338-4F1B-ABB2-1AA55C17DBA6-225x300.jpeg 225w, https:\/\/la-vipere-rose.art\/wp-content\/uploads\/2024\/03\/25F0A8E0-9338-4F1B-ABB2-1AA55C17DBA6-1152x1536.jpeg 1152w, https:\/\/la-vipere-rose.art\/wp-content\/uploads\/2024\/03\/25F0A8E0-9338-4F1B-ABB2-1AA55C17DBA6-1536x2048.jpeg 1536w, https:\/\/la-vipere-rose.art\/wp-content\/uploads\/2024\/03\/25F0A8E0-9338-4F1B-ABB2-1AA55C17DBA6-scaled.jpeg 1920w\" sizes=\"auto, (max-width: 768px) 100vw, 768px\" \/><button\n\t\t\tclass=\"lightbox-trigger\"\n\t\t\ttype=\"button\"\n\t\t\taria-haspopup=\"dialog\"\n\t\t\taria-label=\"Agrandir\"\n\t\t\tdata-wp-init=\"callbacks.initTriggerButton\"\n\t\t\tdata-wp-on--click=\"actions.showLightbox\"\n\t\t\tdata-wp-style--right=\"state.imageButtonRight\"\n\t\t\tdata-wp-style--top=\"state.imageButtonTop\"\n\t\t>\n\t\t\t<svg xmlns=\"http:\/\/www.w3.org\/2000\/svg\" width=\"12\" height=\"12\" fill=\"none\" viewBox=\"0 0 12 12\">\n\t\t\t\t<path fill=\"#fff\" d=\"M2 0a2 2 0 0 0-2 2v2h1.5V2a.5.5 0 0 1 .5-.5h2V0H2Zm2 10.5H2a.5.5 0 0 1-.5-.5V8H0v2a2 2 0 0 0 2 2h2v-1.5ZM8 12v-1.5h2a.5.5 0 0 0 .5-.5V8H12v2a2 2 0 0 1-2 2H8Zm2-12a2 2 0 0 1 2 2v2h-1.5V2a.5.5 0 0 0-.5-.5H8V0h2Z\" \/>\n\t\t\t<\/svg>\n\t\t<\/button><\/figure>\n<\/div>","protected":false},"excerpt":{"rendered":"<p>Je m&rsquo;appelle Chlo\u00e9, et mon nom d\u2019artiste est issu de la mythologie grecque : Chloris est une nymphe des bois, des fleurs et des plantes. Apr\u00e8s des \u00e9tudes d\u2019Histoire, j&rsquo;effectue un m\u00e9moire de recherche intitul\u00e9\u00a0Les ouvri\u00e8res de la sexualit\u00e9. La prostitution de rue \u00e0 Lyon, 1684-1804. Gr\u00e2ce \u00e0 ce travail, je m&rsquo;int\u00e9resse \u00e0 l\u2019Histoire du [&hellip;]<\/p>\n","protected":false},"author":2,"featured_media":0,"parent":2,"menu_order":1,"comment_status":"closed","ping_status":"closed","template":"","meta":{"footnotes":""},"class_list":["post-52","page","type-page","status-publish","hentry"],"_links":{"self":[{"href":"https:\/\/la-vipere-rose.art\/index.php?rest_route=\/wp\/v2\/pages\/52","targetHints":{"allow":["GET"]}}],"collection":[{"href":"https:\/\/la-vipere-rose.art\/index.php?rest_route=\/wp\/v2\/pages"}],"about":[{"href":"https:\/\/la-vipere-rose.art\/index.php?rest_route=\/wp\/v2\/types\/page"}],"author":[{"embeddable":true,"href":"https:\/\/la-vipere-rose.art\/index.php?rest_route=\/wp\/v2\/users\/2"}],"replies":[{"embeddable":true,"href":"https:\/\/la-vipere-rose.art\/index.php?rest_route=%2Fwp%2Fv2%2Fcomments&post=52"}],"version-history":[{"count":13,"href":"https:\/\/la-vipere-rose.art\/index.php?rest_route=\/wp\/v2\/pages\/52\/revisions"}],"predecessor-version":[{"id":585,"href":"https:\/\/la-vipere-rose.art\/index.php?rest_route=\/wp\/v2\/pages\/52\/revisions\/585"}],"up":[{"embeddable":true,"href":"https:\/\/la-vipere-rose.art\/index.php?rest_route=\/wp\/v2\/pages\/2"}],"wp:attachment":[{"href":"https:\/\/la-vipere-rose.art\/index.php?rest_route=%2Fwp%2Fv2%2Fmedia&parent=52"}],"curies":[{"name":"wp","href":"https:\/\/api.w.org\/{rel}","templated":true}]}}