{"id":50,"date":"2024-02-20T11:28:42","date_gmt":"2024-02-20T10:28:42","guid":{"rendered":"https:\/\/la-vipere-rose.art\/?page_id=50"},"modified":"2026-03-14T18:17:03","modified_gmt":"2026-03-14T17:17:03","slug":"accueil","status":"publish","type":"page","link":"https:\/\/la-vipere-rose.art\/","title":{"rendered":"Bonjour tout le monde !"},"content":{"rendered":"\n<p class=\"has-text-align-center\">La Vip\u00e8re Rose est un atelier de tatouage sur rendez-vous o\u00f9 r\u00e9sident nos sept <a href=\"https:\/\/la-vipere-rose.art\/?page_id=2\">artistes<\/a> permanentes. Nous accueillons aussi r\u00e9guli\u00e8rement des <a href=\"https:\/\/la-vipere-rose.art\/?page_id=41\">guests<\/a> des alentours lyonnais et de toute la France afin de participer \u00e0 un \u00e9change continu sur les techniques et les diff\u00e9rentes approches du tatouage.<\/p>\n\n\n<div class=\"wp-block-image is-style-rounded\">\n<figure class=\"aligncenter size-large is-resized\"><img loading=\"lazy\" decoding=\"async\" width=\"1024\" height=\"1024\" src=\"http:\/\/la-vipere-rose.art\/wp-content\/uploads\/2024\/03\/unnamed-1024x1024.jpg\" alt=\"\" class=\"wp-image-114\" style=\"width:373px;height:auto\" srcset=\"https:\/\/la-vipere-rose.art\/wp-content\/uploads\/2024\/03\/unnamed-1024x1024.jpg 1024w, https:\/\/la-vipere-rose.art\/wp-content\/uploads\/2024\/03\/unnamed-300x300.jpg 300w, https:\/\/la-vipere-rose.art\/wp-content\/uploads\/2024\/03\/unnamed-150x150.jpg 150w, https:\/\/la-vipere-rose.art\/wp-content\/uploads\/2024\/03\/unnamed-768x768.jpg 768w, https:\/\/la-vipere-rose.art\/wp-content\/uploads\/2024\/03\/unnamed-1536x1536.jpg 1536w, https:\/\/la-vipere-rose.art\/wp-content\/uploads\/2024\/03\/unnamed-1568x1568.jpg 1568w, https:\/\/la-vipere-rose.art\/wp-content\/uploads\/2024\/03\/unnamed.jpg 2048w\" sizes=\"auto, (max-width: 1024px) 100vw, 1024px\" \/><\/figure>\n<\/div>\n\n\n<p class=\"has-text-align-center\"><strong>L\u2019atelier est ouvert sur rendez-vous<br> du lundi au dimanche <strong>de 10h30 \u00e0 18h<\/strong>.<br><a href=\"https:\/\/maps.app.goo.gl\/ognjUCubkcBsCkeAA\">15 rue Cuvier 69006 Lyon<\/a><\/strong><\/p>\n\n\n\n<p class=\"has-text-align-center\">Suivez nous sur Instagram !<br><a href=\"https:\/\/www.instagram.com\/la.vipere.rose\/\">@la.vipere.rose<\/a><\/p>\n","protected":false},"excerpt":{"rendered":"<p>La Vip\u00e8re Rose est un atelier de tatouage sur rendez-vous o\u00f9 r\u00e9sident nos sept artistes permanentes. Nous accueillons aussi r\u00e9guli\u00e8rement des guests des alentours lyonnais et de toute la France afin de participer \u00e0 un \u00e9change continu sur les techniques et les diff\u00e9rentes approches du tatouage. L\u2019atelier est ouvert sur rendez-vous du lundi au dimanche [&hellip;]<\/p>\n","protected":false},"author":2,"featured_media":0,"parent":0,"menu_order":0,"comment_status":"closed","ping_status":"closed","template":"","meta":{"footnotes":""},"class_list":["post-50","page","type-page","status-publish","hentry"],"_links":{"self":[{"href":"https:\/\/la-vipere-rose.art\/index.php?rest_route=\/wp\/v2\/pages\/50","targetHints":{"allow":["GET"]}}],"collection":[{"href":"https:\/\/la-vipere-rose.art\/index.php?rest_route=\/wp\/v2\/pages"}],"about":[{"href":"https:\/\/la-vipere-rose.art\/index.php?rest_route=\/wp\/v2\/types\/page"}],"author":[{"embeddable":true,"href":"https:\/\/la-vipere-rose.art\/index.php?rest_route=\/wp\/v2\/users\/2"}],"replies":[{"embeddable":true,"href":"https:\/\/la-vipere-rose.art\/index.php?rest_route=%2Fwp%2Fv2%2Fcomments&post=50"}],"version-history":[{"count":24,"href":"https:\/\/la-vipere-rose.art\/index.php?rest_route=\/wp\/v2\/pages\/50\/revisions"}],"predecessor-version":[{"id":530,"href":"https:\/\/la-vipere-rose.art\/index.php?rest_route=\/wp\/v2\/pages\/50\/revisions\/530"}],"wp:attachment":[{"href":"https:\/\/la-vipere-rose.art\/index.php?rest_route=%2Fwp%2Fv2%2Fmedia&parent=50"}],"curies":[{"name":"wp","href":"https:\/\/api.w.org\/{rel}","templated":true}]}}