{"id":47,"date":"2024-02-20T11:16:07","date_gmt":"2024-02-20T10:16:07","guid":{"rendered":"https:\/\/la-vipere-rose.art\/?page_id=47"},"modified":"2026-03-15T12:41:19","modified_gmt":"2026-03-15T11:41:19","slug":"evenements","status":"publish","type":"page","link":"https:\/\/la-vipere-rose.art\/?page_id=47","title":{"rendered":"\u00c9v\u00e8nements"},"content":{"rendered":"\n<p class=\"has-text-align-left\">_________________________________________________________________________________<br>Ev\u00e9nements pass\u00e9s<\/p>\n\n\n\n<ul class=\"wp-block-list\">\n<li><strong>FLASHDAY<\/strong>: retrouvez <a href=\"https:\/\/la-vipere-rose.art\/?page_id=403\" data-type=\"page\" data-id=\"403\">Emeline Bertinelli<\/a> et <a href=\"https:\/\/la-vipere-rose.art\/?page_id=560\" data-type=\"page\" data-id=\"560\">Oh My Goz<\/a> <strong>le samedi 28 f\u00e9vrier.<\/strong><br>Au Caf\u00e9 Mio,&nbsp;2 rue Thimonnier, Lyon 1<\/li>\n<\/ul>\n\n\n\n<ul class=\"wp-block-list\">\n<li><strong><strong>MARCH\u00c9<\/strong> DE NOEL<\/strong>: les <strong>dimanche 6 et 14 d\u00e9cembre de 11h \u00e0 19h<\/strong> et permanences tous les jours de la semaine de 13 \u00e0 19h.<\/li>\n<\/ul>\n\n\n\n<ul class=\"wp-block-list\">\n<li><strong>MARCH\u00c9 DES CR\u00c9ATRICES<\/strong>: le <strong>samedi 18 octobre<\/strong> <strong>\u00e0 partir de 15h<\/strong>, <a href=\"https:\/\/la-vipere-rose.art\/?page_id=54\" data-type=\"page\" data-id=\"54\">Clairon<\/a>, <a href=\"https:\/\/la-vipere-rose.art\/?page_id=52\" data-type=\"page\" data-id=\"52\">Chlorys des bois<\/a>, <a href=\"https:\/\/la-vipere-rose.art\/?page_id=60\" data-type=\"page\" data-id=\"60\">Semper Eadem<\/a> et <a href=\"https:\/\/la-vipere-rose.art\/?page_id=58\" data-type=\"page\" data-id=\"58\">Na\u00efma Lepetiroi<\/a> exposeront leurs cr\u00e9ations aux <a href=\"https:\/\/velcroc.com\/\">Velcroc<\/a>. Vous y trouverez des sacs en crochet, des bijoux, linogravures, prints, c\u00e9ramiques et cyanotypes.<br>Le <strong>18\/10 de 15h \u00e0 21h<\/strong><br>Au <strong><a href=\"https:\/\/maps.app.goo.gl\/mKXLLKwwr6SAdsQK7\">Velcroc<\/a><\/strong> 18 quai Serrail 69006 Lyon<\/li>\n<\/ul>\n\n\n\n<figure class=\"wp-block-video aligncenter\"><video height=\"1280\" style=\"aspect-ratio: 1024 \/ 1280;\" width=\"1024\" controls src=\"https:\/\/la-vipere-rose.art\/wp-content\/uploads\/2025\/10\/trim.449B7114-2230-4B90-9EDA-55F783F2BB08.mov\"><\/video><\/figure>\n\n\n\n<div class=\"wp-block-group is-nowrap is-layout-flex wp-container-core-group-is-layout-ad2f72ca wp-block-group-is-layout-flex\">\n<p><br><br><\/p>\n\n\n\n<ul class=\"wp-block-list\">\n<li><strong>FLASHDAY<\/strong>: le <strong>samedi 18 octobre<\/strong>, dans le cadre de la journ\u00e9e internationale du tatouage, <a href=\"https:\/\/la-vipere-rose.art\/?page_id=403\" data-type=\"page\" data-id=\"403\">Emeline Bertinelli <\/a>et <a href=\"https:\/\/la-vipere-rose.art\/?page_id=56\" data-type=\"page\" data-id=\"56\">Dudu &amp; Seko<\/a> seront en flashday \u00e0 <a href=\"https:\/\/www.lapente.fr\/\">La Pente<\/a>, un bar culturel ind\u00e9pendant des pentes.<br>Le <strong>18\/10 de 15h \u00e0 21h<\/strong><br>\u00c0 <strong><a href=\"https:\/\/maps.app.goo.gl\/2s3hCxqqxvPoUTsr6\">La Pente<\/a> <\/strong>14 mont\u00e9e des Carm\u00e9lites 69001 Lyon<\/li>\n<\/ul>\n<\/div>\n\n\n\n<figure class=\"wp-block-gallery has-nested-images columns-default is-cropped wp-block-gallery-1 is-layout-flex wp-block-gallery-is-layout-flex\">\n<figure class=\"wp-block-image size-large\"><img loading=\"lazy\" decoding=\"async\" width=\"819\" height=\"1024\" data-id=\"615\" src=\"https:\/\/la-vipere-rose.art\/wp-content\/uploads\/2025\/10\/WhatsApp-Image-2025-10-09-a-18.33.26_a207f18f-2-819x1024.jpg\" alt=\"\" class=\"wp-image-615\" srcset=\"https:\/\/la-vipere-rose.art\/wp-content\/uploads\/2025\/10\/WhatsApp-Image-2025-10-09-a-18.33.26_a207f18f-2-819x1024.jpg 819w, https:\/\/la-vipere-rose.art\/wp-content\/uploads\/2025\/10\/WhatsApp-Image-2025-10-09-a-18.33.26_a207f18f-2-240x300.jpg 240w, https:\/\/la-vipere-rose.art\/wp-content\/uploads\/2025\/10\/WhatsApp-Image-2025-10-09-a-18.33.26_a207f18f-2-768x960.jpg 768w, https:\/\/la-vipere-rose.art\/wp-content\/uploads\/2025\/10\/WhatsApp-Image-2025-10-09-a-18.33.26_a207f18f-2-508x635.jpg 508w, https:\/\/la-vipere-rose.art\/wp-content\/uploads\/2025\/10\/WhatsApp-Image-2025-10-09-a-18.33.26_a207f18f-2.jpg 1080w\" sizes=\"auto, (max-width: 819px) 100vw, 819px\" \/><\/figure>\n\n\n\n<figure class=\"wp-block-image size-large\"><img loading=\"lazy\" decoding=\"async\" width=\"819\" height=\"1024\" data-id=\"616\" src=\"https:\/\/la-vipere-rose.art\/wp-content\/uploads\/2025\/10\/WhatsApp-Image-2025-10-09-a-18.33.26_e6624bc3-1-819x1024.jpg\" alt=\"\" class=\"wp-image-616\" srcset=\"https:\/\/la-vipere-rose.art\/wp-content\/uploads\/2025\/10\/WhatsApp-Image-2025-10-09-a-18.33.26_e6624bc3-1-819x1024.jpg 819w, https:\/\/la-vipere-rose.art\/wp-content\/uploads\/2025\/10\/WhatsApp-Image-2025-10-09-a-18.33.26_e6624bc3-1-240x300.jpg 240w, https:\/\/la-vipere-rose.art\/wp-content\/uploads\/2025\/10\/WhatsApp-Image-2025-10-09-a-18.33.26_e6624bc3-1-768x960.jpg 768w, https:\/\/la-vipere-rose.art\/wp-content\/uploads\/2025\/10\/WhatsApp-Image-2025-10-09-a-18.33.26_e6624bc3-1-1229x1536.jpg 1229w, https:\/\/la-vipere-rose.art\/wp-content\/uploads\/2025\/10\/WhatsApp-Image-2025-10-09-a-18.33.26_e6624bc3-1-1240x1550.jpg 1240w, https:\/\/la-vipere-rose.art\/wp-content\/uploads\/2025\/10\/WhatsApp-Image-2025-10-09-a-18.33.26_e6624bc3-1-508x635.jpg 508w, https:\/\/la-vipere-rose.art\/wp-content\/uploads\/2025\/10\/WhatsApp-Image-2025-10-09-a-18.33.26_e6624bc3-1.jpg 1440w\" sizes=\"auto, (max-width: 819px) 100vw, 819px\" \/><\/figure>\n<\/figure>\n\n\n\n<p><\/p>\n\n\n\n<ul class=\"wp-block-list\">\n<li><strong>FLASHDAY<\/strong>: le <strong>dimanche 26 octobre<\/strong>, \u00e0 l\u2019occasion d\u2019octobre rose, La Vip\u00e8re Rose s\u2019associe au <a href=\"https:\/\/venus.spacejunk.tv\/\">Projet Venus<\/a>. Venez vous faire tatouer et acheter des cr\u00e9ations uniques pour la bonne cause ! Une partie des gains sera revers\u00e9e \u00e0 l\u2019association <a href=\"https:\/\/www.instagram.com\/europadonnalyon\/\">Europa Donna Lyon<\/a> qui lutte contre le ca cet du sein.<br>Le <strong>26\/10 de 14h \u00e0 18h<\/strong> <br>\u00c0 <a href=\"https:\/\/maps.app.goo.gl\/Mg7T9yAbBwcRE57i9\"><strong>La Vip\u00e8re Rose<\/strong><\/a> 15 rue Cuvier 69006 Lyon<\/li>\n<\/ul>\n\n\n<div class=\"wp-block-image\">\n<figure class=\"aligncenter size-large is-resized\"><img loading=\"lazy\" decoding=\"async\" width=\"724\" height=\"1024\" src=\"https:\/\/la-vipere-rose.art\/wp-content\/uploads\/2025\/10\/11D17F69-E509-479E-AAE0-8A44C3CACFBC-724x1024.jpeg\" alt=\"\" class=\"wp-image-605\" style=\"width:334px;height:auto\" srcset=\"https:\/\/la-vipere-rose.art\/wp-content\/uploads\/2025\/10\/11D17F69-E509-479E-AAE0-8A44C3CACFBC-724x1024.jpeg 724w, https:\/\/la-vipere-rose.art\/wp-content\/uploads\/2025\/10\/11D17F69-E509-479E-AAE0-8A44C3CACFBC-212x300.jpeg 212w, https:\/\/la-vipere-rose.art\/wp-content\/uploads\/2025\/10\/11D17F69-E509-479E-AAE0-8A44C3CACFBC-768x1086.jpeg 768w, https:\/\/la-vipere-rose.art\/wp-content\/uploads\/2025\/10\/11D17F69-E509-479E-AAE0-8A44C3CACFBC-1086x1536.jpeg 1086w, https:\/\/la-vipere-rose.art\/wp-content\/uploads\/2025\/10\/11D17F69-E509-479E-AAE0-8A44C3CACFBC-1448x2048.jpeg 1448w, https:\/\/la-vipere-rose.art\/wp-content\/uploads\/2025\/10\/11D17F69-E509-479E-AAE0-8A44C3CACFBC-1240x1754.jpeg 1240w, https:\/\/la-vipere-rose.art\/wp-content\/uploads\/2025\/10\/11D17F69-E509-479E-AAE0-8A44C3CACFBC-508x719.jpeg 508w, https:\/\/la-vipere-rose.art\/wp-content\/uploads\/2025\/10\/11D17F69-E509-479E-AAE0-8A44C3CACFBC.jpeg 1688w\" sizes=\"auto, (max-width: 724px) 100vw, 724px\" \/><\/figure>\n<\/div>\n\n\n<p><\/p>\n\n\n\n<p><\/p>\n\n\n\n<ul class=\"wp-block-list\">\n<li><strong>TATTOOMINEUSES<\/strong>: le <strong>samedi 12 avril<\/strong>  <a href=\"https:\/\/la-vipere-rose.art\/?page_id=60\" data-type=\"page\" data-id=\"60\">Semper Eadem<\/a> et <a href=\"https:\/\/la-vipere-rose.art\/?page_id=58\" data-type=\"page\" data-id=\"58\">Na\u00efma Lepetiroi<\/a> participeront \u00e0 la premi\u00e8re boom tattoo f\u00e9ministe de Lyon, organis\u00e9e par <a href=\"https:\/\/www.instagram.com\/lesvolumineuses_lyon\/\">Les Volumineuses<\/a>.<br>Le <strong>12\/04 de 13h \u00e0 20h<\/strong><br>A <strong>La Fabuleuse Cantine<\/strong> 107 rue de Marseille 69007 Lyon<\/li>\n<\/ul>\n\n\n<div class=\"wp-block-image\">\n<figure class=\"aligncenter size-full is-resized\"><img loading=\"lazy\" decoding=\"async\" width=\"869\" height=\"867\" src=\"https:\/\/la-vipere-rose.art\/wp-content\/uploads\/2025\/03\/Capture-decran-19.png\" alt=\"\" class=\"wp-image-532\" style=\"width:409px;height:auto\" srcset=\"https:\/\/la-vipere-rose.art\/wp-content\/uploads\/2025\/03\/Capture-decran-19.png 869w, https:\/\/la-vipere-rose.art\/wp-content\/uploads\/2025\/03\/Capture-decran-19-300x300.png 300w, https:\/\/la-vipere-rose.art\/wp-content\/uploads\/2025\/03\/Capture-decran-19-150x150.png 150w, https:\/\/la-vipere-rose.art\/wp-content\/uploads\/2025\/03\/Capture-decran-19-768x766.png 768w, https:\/\/la-vipere-rose.art\/wp-content\/uploads\/2025\/03\/Capture-decran-19-508x507.png 508w\" sizes=\"auto, (max-width: 869px) 100vw, 869px\" \/><\/figure>\n<\/div>\n\n\n<p><\/p>\n\n\n\n<ul class=\"wp-block-list\">\n<li><strong>FLASHDAY<\/strong>: le <strong>samedi 18 janvier<\/strong>, <a href=\"https:\/\/la-vipere-rose.art\/?page_id=403\" data-type=\"page\" data-id=\"403\">Emeline Bertinelli<\/a>, <a href=\"https:\/\/la-vipere-rose.art\/?page_id=60\" data-type=\"page\" data-id=\"60\">Semper Eadem<\/a>, <a href=\"https:\/\/la-vipere-rose.art\/?page_id=56\" data-type=\"page\" data-id=\"56\">Dudu &amp; Seko<\/a> et <a href=\"https:\/\/la-vipere-rose.art\/?page_id=52\" data-type=\"page\" data-id=\"52\">Chlorys des Bois<\/a> vous proposeront des flashs \u00e0 prix r\u00e9duits <strong>de 14h \u00e0 19h<\/strong>.<br><a href=\"https:\/\/la-vipere-rose.art\/?page_id=54\" data-type=\"page\" data-id=\"54\">Clairon<\/a> et <a href=\"https:\/\/la-vipere-rose.art\/?page_id=58\" data-type=\"page\" data-id=\"58\">Na\u00efma Lepetiroi<\/a> s&rsquo;occuperont de l&rsquo;accueil et vous proposerons \u00e9galement des flashs \u00e0 prix r\u00e9duits mais, sur rendez-vous. Elles tiendront la petite boutique o\u00f9 vous trouverez les cr\u00e9ations de toute l&rsquo;\u00e9quipe.<\/li>\n<\/ul>\n\n\n\n<figure class=\"wp-block-gallery has-nested-images columns-default is-cropped wp-block-gallery-2 is-layout-flex wp-block-gallery-is-layout-flex\">\n<figure class=\"wp-block-image size-large\"><img loading=\"lazy\" decoding=\"async\" width=\"1024\" height=\"1024\" data-id=\"505\" src=\"https:\/\/la-vipere-rose.art\/wp-content\/uploads\/2025\/01\/WhatsApp-Image-2025-01-02-at-02.48.19-1024x1024.jpeg\" alt=\"\" class=\"wp-image-505\" srcset=\"https:\/\/la-vipere-rose.art\/wp-content\/uploads\/2025\/01\/WhatsApp-Image-2025-01-02-at-02.48.19-1024x1024.jpeg 1024w, https:\/\/la-vipere-rose.art\/wp-content\/uploads\/2025\/01\/WhatsApp-Image-2025-01-02-at-02.48.19-300x300.jpeg 300w, https:\/\/la-vipere-rose.art\/wp-content\/uploads\/2025\/01\/WhatsApp-Image-2025-01-02-at-02.48.19-150x150.jpeg 150w, https:\/\/la-vipere-rose.art\/wp-content\/uploads\/2025\/01\/WhatsApp-Image-2025-01-02-at-02.48.19-768x768.jpeg 768w, https:\/\/la-vipere-rose.art\/wp-content\/uploads\/2025\/01\/WhatsApp-Image-2025-01-02-at-02.48.19-1536x1536.jpeg 1536w, https:\/\/la-vipere-rose.art\/wp-content\/uploads\/2025\/01\/WhatsApp-Image-2025-01-02-at-02.48.19-1240x1240.jpeg 1240w, https:\/\/la-vipere-rose.art\/wp-content\/uploads\/2025\/01\/WhatsApp-Image-2025-01-02-at-02.48.19-508x508.jpeg 508w, https:\/\/la-vipere-rose.art\/wp-content\/uploads\/2025\/01\/WhatsApp-Image-2025-01-02-at-02.48.19.jpeg 2048w\" sizes=\"auto, (max-width: 1024px) 100vw, 1024px\" \/><\/figure>\n\n\n\n<figure class=\"wp-block-image size-large\"><img loading=\"lazy\" decoding=\"async\" width=\"1024\" height=\"1024\" data-id=\"504\" src=\"https:\/\/la-vipere-rose.art\/wp-content\/uploads\/2025\/01\/WhatsApp-Image-2025-01-02-at-02.48.19-1-1024x1024.jpeg\" alt=\"\" class=\"wp-image-504\" srcset=\"https:\/\/la-vipere-rose.art\/wp-content\/uploads\/2025\/01\/WhatsApp-Image-2025-01-02-at-02.48.19-1-1024x1024.jpeg 1024w, https:\/\/la-vipere-rose.art\/wp-content\/uploads\/2025\/01\/WhatsApp-Image-2025-01-02-at-02.48.19-1-300x300.jpeg 300w, https:\/\/la-vipere-rose.art\/wp-content\/uploads\/2025\/01\/WhatsApp-Image-2025-01-02-at-02.48.19-1-150x150.jpeg 150w, https:\/\/la-vipere-rose.art\/wp-content\/uploads\/2025\/01\/WhatsApp-Image-2025-01-02-at-02.48.19-1-768x768.jpeg 768w, https:\/\/la-vipere-rose.art\/wp-content\/uploads\/2025\/01\/WhatsApp-Image-2025-01-02-at-02.48.19-1-1536x1536.jpeg 1536w, https:\/\/la-vipere-rose.art\/wp-content\/uploads\/2025\/01\/WhatsApp-Image-2025-01-02-at-02.48.19-1-1240x1240.jpeg 1240w, https:\/\/la-vipere-rose.art\/wp-content\/uploads\/2025\/01\/WhatsApp-Image-2025-01-02-at-02.48.19-1-508x508.jpeg 508w, https:\/\/la-vipere-rose.art\/wp-content\/uploads\/2025\/01\/WhatsApp-Image-2025-01-02-at-02.48.19-1.jpeg 2048w\" sizes=\"auto, (max-width: 1024px) 100vw, 1024px\" \/><\/figure>\n<\/figure>\n","protected":false},"excerpt":{"rendered":"<p>_________________________________________________________________________________Ev\u00e9nements pass\u00e9s<\/p>\n","protected":false},"author":1,"featured_media":0,"parent":0,"menu_order":0,"comment_status":"closed","ping_status":"closed","template":"","meta":{"footnotes":""},"class_list":["post-47","page","type-page","status-publish","hentry"],"_links":{"self":[{"href":"https:\/\/la-vipere-rose.art\/index.php?rest_route=\/wp\/v2\/pages\/47","targetHints":{"allow":["GET"]}}],"collection":[{"href":"https:\/\/la-vipere-rose.art\/index.php?rest_route=\/wp\/v2\/pages"}],"about":[{"href":"https:\/\/la-vipere-rose.art\/index.php?rest_route=\/wp\/v2\/types\/page"}],"author":[{"embeddable":true,"href":"https:\/\/la-vipere-rose.art\/index.php?rest_route=\/wp\/v2\/users\/1"}],"replies":[{"embeddable":true,"href":"https:\/\/la-vipere-rose.art\/index.php?rest_route=%2Fwp%2Fv2%2Fcomments&post=47"}],"version-history":[{"count":34,"href":"https:\/\/la-vipere-rose.art\/index.php?rest_route=\/wp\/v2\/pages\/47\/revisions"}],"predecessor-version":[{"id":690,"href":"https:\/\/la-vipere-rose.art\/index.php?rest_route=\/wp\/v2\/pages\/47\/revisions\/690"}],"wp:attachment":[{"href":"https:\/\/la-vipere-rose.art\/index.php?rest_route=%2Fwp%2Fv2%2Fmedia&parent=47"}],"curies":[{"name":"wp","href":"https:\/\/api.w.org\/{rel}","templated":true}]}}