{"id":45,"date":"2024-02-20T11:15:35","date_gmt":"2024-02-20T10:15:35","guid":{"rendered":"https:\/\/la-vipere-rose.art\/?page_id=45"},"modified":"2026-03-14T19:32:17","modified_gmt":"2026-03-14T18:32:17","slug":"contact","status":"publish","type":"page","link":"https:\/\/la-vipere-rose.art\/?page_id=45","title":{"rendered":"Contact"},"content":{"rendered":"\n<p class=\"has-text-align-center\"><strong>L\u2019atelier est ouvert sur rendez-vous<br> du lundi au dimanche <strong>de 10h30 \u00e0 18h<\/strong>.<br><a href=\"https:\/\/maps.app.goo.gl\/ognjUCubkcBsCkeAA\">15 rue Cuvier 69006 Lyon<\/a><\/strong><\/p>\n\n\n\n<p class=\"has-text-align-center\">Suivez nous sur Instagram !<br><a href=\"https:\/\/www.instagram.com\/la.vipere.rose\/\"><strong>@la.vipere.rose<\/strong><\/a><\/p>\n\n\n\n<p class=\"has-text-align-center\" id=\"https:\/\/www.instagram.com\/lepetiroi\/\"><a href=\"https:\/\/www.instagram.com\/lepetiroi\/\" data-type=\"link\" data-id=\"https:\/\/www.instagram.com\/lepetiroi\/\" target=\"_blank\" rel=\"noreferrer noopener\"><strong>@lepetiroi<\/strong><\/a><\/p>\n\n\n\n<p class=\"has-text-align-center\"><a href=\"https:\/\/www.instagram.com\/semper.eadem_\/\" data-type=\"link\" data-id=\"https:\/\/www.instagram.com\/semper.eadem_\/\" target=\"_blank\" rel=\"noreferrer noopener\"><strong>@semper.eadem_<\/strong><\/a><\/p>\n\n\n\n<p class=\"has-text-align-center\"><a href=\"https:\/\/www.instagram.com\/clairontattoo\/\" data-type=\"link\" data-id=\"https:\/\/www.instagram.com\/clairontattoo\/\"><strong>@clairontattoo<\/strong><\/a><\/p>\n\n\n\n<p class=\"has-text-align-center\"><a href=\"https:\/\/www.instagram.com\/dudu_et_seko\/\" data-type=\"link\" data-id=\"https:\/\/www.instagram.com\/dudu_et_seko\/\"><strong>@dudu_et_seko<\/strong><\/a><br><br><a href=\"https:\/\/www.instagram.com\/emeline.bertinelli\/\"><strong>@emeline.bertinelli<\/strong><\/a><\/p>\n\n\n\n<p class=\"has-text-align-center\"><a href=\"https:\/\/www.instagram.com\/marion.hgttt\/\" data-type=\"link\" data-id=\"https:\/\/www.instagram.com\/chlorys_des_bois\/\"><strong>@marion.hgttt<\/strong><\/a><\/p>\n\n\n\n<p class=\"has-text-align-center\"><a href=\"https:\/\/www.instagram.com\/oh.my.goz\/\" data-type=\"link\" data-id=\"https:\/\/www.instagram.com\/chlorys_des_bois\/\"><strong>@oh.my.goz<\/strong><\/a><\/p>\n\n\n\n<p class=\"has-text-align-center\"><a href=\"https:\/\/la-vipere-rose.art\/?page_id=666\" data-type=\"page\" data-id=\"666\"><strong>@<\/strong><\/a><a href=\"https:\/\/www.instagram.com\/lesorages_\/\"><strong>lesorages_<\/strong><\/a><\/p>\n\n\n\n<p class=\"has-text-align-center\"><a href=\"https:\/\/www.instagram.com\/camille.violence\/\"><strong>@camille.violence<\/strong><\/a><br><br><a href=\"https:\/\/www.instagram.com\/chlorys_des_bois\/\" data-type=\"link\" data-id=\"https:\/\/www.instagram.com\/chlorys_des_bois\/\"><strong>@chlorys_des_bois<\/strong><\/a><br><br><\/p>\n\n\n\n<p class=\"has-text-align-center\">Si tu as pass\u00e9 une agr\u00e9able s\u00e9ance et tu es content.e de ton tattoo, alors n&rsquo;h\u00e9site pas \u00e0 laisser un avis sur notre <a href=\"https:\/\/www.google.com\/search?client=safari&amp;sca_esv=e1084cba4f9543fe&amp;rls=en&amp;tbm=lcl&amp;sxsrf=ACQVn09YLTptKK1rUScMxsai5dfPFndb4A:1709660531604&amp;q=La+Vip\u00e8re+Rose+Avis&amp;rflfq=1&amp;num=20&amp;stick=H4sIAAAAAAAAAONgkxI2MrAwM7UwNrE0MjcwMzcxNjAy38DI-IpRxCdRISyz4PCKolSFoPziVAXHssziRaxYhQHYPgFESAAAAA&amp;rldimm=2086583492706743027&amp;hl=fr-FR&amp;sa=X&amp;ved=2ahUKEwjoxbDl1d2EAxW4VaQEHR9nAV8Q9fQKegQIWhAF#lkt=LocalPoiReviews\" data-type=\"link\" data-id=\"https:\/\/www.google.com\/search?client=safari&amp;sca_esv=e1084cba4f9543fe&amp;rls=en&amp;tbm=lcl&amp;sxsrf=ACQVn09YLTptKK1rUScMxsai5dfPFndb4A:1709660531604&amp;q=La+Vip\u00e8re+Rose+Avis&amp;rflfq=1&amp;num=20&amp;stick=H4sIAAAAAAAAAONgkxI2MrAwM7UwNrE0MjcwMzcxNjAy38DI-IpRxCdRISyz4PCKolSFoPziVAXHssziRaxYhQHYPgFESAAAAA&amp;rldimm=2086583492706743027&amp;hl=fr-FR&amp;sa=X&amp;ved=2ahUKEwjoxbDl1d2EAxW4VaQEHR9nAV8Q9fQKegQIWhAF#lkt=LocalPoiReviews\">page google<\/a> !<\/p>\n\n\n\n<p class=\"has-text-align-center\">Si tu as des questions, n&rsquo;h\u00e9site pas \u00e0 envoyer un mail sur cette adresse: <a href=\"mailto:la.vipere.rose@gmail.com\">la.vipere.rose@gmail.com<\/a><\/p>\n\n\n\n<p><\/p>\n","protected":false},"excerpt":{"rendered":"<p>L\u2019atelier est ouvert sur rendez-vous du lundi au dimanche de 10h30 \u00e0 18h.15 rue Cuvier 69006 Lyon Suivez nous sur Instagram !@la.vipere.rose @lepetiroi @semper.eadem_ @clairontattoo @dudu_et_seko @emeline.bertinelli @marion.hgttt @oh.my.goz @lesorages_ @camille.violence @chlorys_des_bois Si tu as pass\u00e9 une agr\u00e9able s\u00e9ance et tu es content.e de ton tattoo, alors n&rsquo;h\u00e9site pas \u00e0 laisser un avis sur notre [&hellip;]<\/p>\n","protected":false},"author":1,"featured_media":0,"parent":0,"menu_order":6,"comment_status":"closed","ping_status":"closed","template":"","meta":{"footnotes":""},"class_list":["post-45","page","type-page","status-publish","hentry"],"_links":{"self":[{"href":"https:\/\/la-vipere-rose.art\/index.php?rest_route=\/wp\/v2\/pages\/45","targetHints":{"allow":["GET"]}}],"collection":[{"href":"https:\/\/la-vipere-rose.art\/index.php?rest_route=\/wp\/v2\/pages"}],"about":[{"href":"https:\/\/la-vipere-rose.art\/index.php?rest_route=\/wp\/v2\/types\/page"}],"author":[{"embeddable":true,"href":"https:\/\/la-vipere-rose.art\/index.php?rest_route=\/wp\/v2\/users\/1"}],"replies":[{"embeddable":true,"href":"https:\/\/la-vipere-rose.art\/index.php?rest_route=%2Fwp%2Fv2%2Fcomments&post=45"}],"version-history":[{"count":18,"href":"https:\/\/la-vipere-rose.art\/index.php?rest_route=\/wp\/v2\/pages\/45\/revisions"}],"predecessor-version":[{"id":684,"href":"https:\/\/la-vipere-rose.art\/index.php?rest_route=\/wp\/v2\/pages\/45\/revisions\/684"}],"wp:attachment":[{"href":"https:\/\/la-vipere-rose.art\/index.php?rest_route=%2Fwp%2Fv2%2Fmedia&parent=45"}],"curies":[{"name":"wp","href":"https:\/\/api.w.org\/{rel}","templated":true}]}}