{"id":41,"date":"2024-02-20T11:15:08","date_gmt":"2024-02-20T10:15:08","guid":{"rendered":"https:\/\/la-vipere-rose.art\/?page_id=41"},"modified":"2026-03-31T19:32:09","modified_gmt":"2026-03-31T17:32:09","slug":"guest","status":"publish","type":"page","link":"https:\/\/la-vipere-rose.art\/?page_id=41","title":{"rendered":"Guests"},"content":{"rendered":"\n<p>Au mois de <strong>Mars<\/strong> nous accueillerons:<\/p>\n\n\n\n<div class=\"wp-block-group is-content-justification-center is-nowrap is-layout-flex wp-container-core-group-is-layout-94bc23d7 wp-block-group-is-layout-flex\">\n<div class=\"wp-block-group is-nowrap is-layout-flex wp-container-core-group-is-layout-ad2f72ca wp-block-group-is-layout-flex\">\n<div class=\"wp-block-group\"><div class=\"wp-block-group__inner-container is-layout-constrained wp-block-group-is-layout-constrained\">\n<div class=\"wp-block-group is-vertical is-layout-flex wp-container-core-group-is-layout-8cf370e7 wp-block-group-is-layout-flex\">\n<div class=\"wp-block-group\"><div class=\"wp-block-group__inner-container is-layout-constrained wp-block-group-is-layout-constrained\">\n<ul class=\"wp-block-list\">\n<li>les 19, 20 et 21 mars, <a href=\"https:\/\/www.instagram.com\/lea.tudor.ttt\/\">L\u00e9a Tudor<\/a><\/li>\n<\/ul>\n<\/div><\/div>\n<\/div>\n<\/div><\/div>\n<\/div>\n<\/div>\n\n\n\n<p>Au mois d&rsquo;<strong>Avril<\/strong> nous accueillerons:<\/p>\n\n\n\n<div class=\"wp-block-group is-content-justification-center is-nowrap is-layout-flex wp-container-core-group-is-layout-94bc23d7 wp-block-group-is-layout-flex\">\n<div class=\"wp-block-group is-nowrap is-layout-flex wp-container-core-group-is-layout-ad2f72ca wp-block-group-is-layout-flex\">\n<div class=\"wp-block-group\"><div class=\"wp-block-group__inner-container is-layout-constrained wp-block-group-is-layout-constrained\">\n<div class=\"wp-block-group is-vertical is-layout-flex wp-container-core-group-is-layout-8cf370e7 wp-block-group-is-layout-flex\">\n<div class=\"wp-block-group\"><div class=\"wp-block-group__inner-container is-layout-constrained wp-block-group-is-layout-constrained\">\n<ul class=\"wp-block-list\">\n<li>le 11 avril, <a href=\"https:\/\/www.instagram.com\/amandedouxce\/\">Amande Douxce<\/a><\/li>\n\n\n\n<li>les 16, 17 et 18 avril, <a href=\"https:\/\/www.instagram.com\/rime.tatoo\/\">RIME<\/a><\/li>\n<\/ul>\n<\/div><\/div>\n<\/div>\n<\/div><\/div>\n<\/div>\n<\/div>\n\n\n\n<p>Au mois de <strong>Mai<\/strong> nous accueillerons:<\/p>\n\n\n\n<div class=\"wp-block-group is-content-justification-center is-nowrap is-layout-flex wp-container-core-group-is-layout-94bc23d7 wp-block-group-is-layout-flex\">\n<div class=\"wp-block-group is-nowrap is-layout-flex wp-container-core-group-is-layout-ad2f72ca wp-block-group-is-layout-flex\">\n<div class=\"wp-block-group\"><div class=\"wp-block-group__inner-container is-layout-constrained wp-block-group-is-layout-constrained\">\n<div class=\"wp-block-group is-vertical is-layout-flex wp-container-core-group-is-layout-8cf370e7 wp-block-group-is-layout-flex\">\n<div class=\"wp-block-group\"><div class=\"wp-block-group__inner-container is-layout-constrained wp-block-group-is-layout-constrained\">\n<ul class=\"wp-block-list\">\n<li>les 1, 2 et 3 mai, <a href=\"https:\/\/www.instagram.com\/_yoyotattoo\/\">Yoyo Tattoo<\/a><\/li>\n\n\n\n<li>les 5 et 6 mai, <a href=\"https:\/\/www.instagram.com\/marie.bouh.ttt\/\">Marie Bouh<\/a><\/li>\n\n\n\n<li>les 8, 9 et 10 mai, <a href=\"https:\/\/www.instagram.com\/moialena_\/\">Moialena<\/a><\/li>\n\n\n\n<li>les 20, 21 et 22 mai, <a href=\"https:\/\/www.instagram.com\/saule.rieuse\/\">Saule Rieuse<\/a><\/li>\n\n\n\n<li>les 27 et 28 mai, <a href=\"https:\/\/www.instagram.com\/chantaldessinemal\/\">Chantal dessine mal<\/a><\/li>\n<\/ul>\n<\/div><\/div>\n<\/div>\n<\/div><\/div>\n<\/div>\n<\/div>\n\n\n\n<p>Au mois de <strong>Juin<\/strong> nous accueillerons:<\/p>\n\n\n\n<div class=\"wp-block-group is-content-justification-center is-nowrap is-layout-flex wp-container-core-group-is-layout-94bc23d7 wp-block-group-is-layout-flex\">\n<div class=\"wp-block-group is-nowrap is-layout-flex wp-container-core-group-is-layout-ad2f72ca wp-block-group-is-layout-flex\">\n<div class=\"wp-block-group\"><div class=\"wp-block-group__inner-container is-layout-constrained wp-block-group-is-layout-constrained\">\n<div class=\"wp-block-group is-vertical is-layout-flex wp-container-core-group-is-layout-8cf370e7 wp-block-group-is-layout-flex\">\n<div class=\"wp-block-group\"><div class=\"wp-block-group__inner-container is-layout-constrained wp-block-group-is-layout-constrained\">\n<ul class=\"wp-block-list\">\n<li>les 17, 18 et 19 juin, <a href=\"https:\/\/www.instagram.com\/saule.rieuse\/\">Saule Rieuse<\/a><\/li>\n<\/ul>\n<\/div><\/div>\n<\/div>\n<\/div><\/div>\n<\/div>\n<\/div>\n\n\n\n<p>Si tu es artiste tatoueureuse et que tu souhaites faire un s\u00e9jour \u00e0 La Vip\u00e8re Rose, tu peux faire une demande en nous \u00e9crivant par mail \u00e0 <a href=\"mailto:la.vipere.rose@gmail.com\">la.vipere.rose@gmail.com<\/a> en pr\u00e9cisant les dates et le nombre de jours souhait\u00e9s. Nous t&rsquo;enverrons les conditions de guest \u00e0 ce moment l\u00e0.<br>A bient\u00f4t !<\/p>\n\n\n\n<p><\/p>\n","protected":false},"excerpt":{"rendered":"<p>Au mois de Mars nous accueillerons: Au mois d&rsquo;Avril nous accueillerons: Au mois de Mai nous accueillerons: Au mois de Juin nous accueillerons: Si tu es artiste tatoueureuse et que tu souhaites faire un s\u00e9jour \u00e0 La Vip\u00e8re Rose, tu peux faire une demande en nous \u00e9crivant par mail \u00e0 la.vipere.rose@gmail.com en pr\u00e9cisant les dates [&hellip;]<\/p>\n","protected":false},"author":2,"featured_media":0,"parent":0,"menu_order":0,"comment_status":"closed","ping_status":"closed","template":"","meta":{"footnotes":""},"class_list":["post-41","page","type-page","status-publish","hentry"],"_links":{"self":[{"href":"https:\/\/la-vipere-rose.art\/index.php?rest_route=\/wp\/v2\/pages\/41","targetHints":{"allow":["GET"]}}],"collection":[{"href":"https:\/\/la-vipere-rose.art\/index.php?rest_route=\/wp\/v2\/pages"}],"about":[{"href":"https:\/\/la-vipere-rose.art\/index.php?rest_route=\/wp\/v2\/types\/page"}],"author":[{"embeddable":true,"href":"https:\/\/la-vipere-rose.art\/index.php?rest_route=\/wp\/v2\/users\/2"}],"replies":[{"embeddable":true,"href":"https:\/\/la-vipere-rose.art\/index.php?rest_route=%2Fwp%2Fv2%2Fcomments&post=41"}],"version-history":[{"count":45,"href":"https:\/\/la-vipere-rose.art\/index.php?rest_route=\/wp\/v2\/pages\/41\/revisions"}],"predecessor-version":[{"id":707,"href":"https:\/\/la-vipere-rose.art\/index.php?rest_route=\/wp\/v2\/pages\/41\/revisions\/707"}],"wp:attachment":[{"href":"https:\/\/la-vipere-rose.art\/index.php?rest_route=%2Fwp%2Fv2%2Fmedia&parent=41"}],"curies":[{"name":"wp","href":"https:\/\/api.w.org\/{rel}","templated":true}]}}