{"id":2,"date":"2023-08-20T13:50:22","date_gmt":"2023-08-20T11:50:22","guid":{"rendered":"http:\/\/la-vipere-rose.art\/?page_id=2"},"modified":"2026-03-14T18:53:33","modified_gmt":"2026-03-14T17:53:33","slug":"page-d-exemple","status":"publish","type":"page","link":"https:\/\/la-vipere-rose.art\/?page_id=2","title":{"rendered":"Artistes"},"content":{"rendered":"\n<p class=\"has-text-align-center\">Voici une petite pr\u00e9sentation rapide des tatoueuses r\u00e9sidentes de l&rsquo;atelier;<\/p>\n\n\n\n<p class=\"has-text-align-center\">Nous avons les fondatrices de La Vip\u00e8re Rose, <a href=\"https:\/\/la-vipere-rose.art\/?page_id=58\"><strong>Na\u00efma Lepetiroi<\/strong><\/a> et ses tatouages cyanotypes, et <a href=\"https:\/\/la-vipere-rose.art\/?page_id=60\"><strong>Semper Eadem<\/strong><\/a> avec ses visages main lev\u00e9e aux trac\u00e9s fluides. Elles ont \u00e9t\u00e9 rejointes par deux handpokeuses; <a href=\"https:\/\/la-vipere-rose.art\/?page_id=56\"><strong>Dudu &amp; Seko<\/strong><\/a>, artiste f\u00e9ministe au style na\u00eff et <a href=\"https:\/\/la-vipere-rose.art\/?page_id=54\"><strong>Clairon<\/strong><\/a>, cr\u00e9atrice de joyaux et ornementeuse. <a href=\"https:\/\/la-vipere-rose.art\/?page_id=403\" data-type=\"page\" data-id=\"403\"><strong>Emeline Bertinelli<\/strong><\/a>, sp\u00e9cialiste du tatouage minimaliste na\u00eff. <a href=\"https:\/\/la-vipere-rose.art\/?page_id=522\" data-type=\"page\" data-id=\"522\"><strong>Marion hgttt<\/strong><\/a> avec son style figuratif et onirique et <a href=\"https:\/\/la-vipere-rose.art\/?page_id=560\" data-type=\"page\" data-id=\"560\"><strong>Oh My Goz<\/strong><\/a> et son univers bleut\u00e9. Enfin <a href=\"https:\/\/la-vipere-rose.art\/?page_id=666\" data-type=\"page\" data-id=\"666\"><strong>Les Orages<\/strong><\/a>, notre troisi\u00e8me handpokeuse, po\u00e8te sensible et <a href=\"https:\/\/la-vipere-rose.art\/?page_id=647\" data-type=\"page\" data-id=\"647\"><strong>Camille Violence<\/strong><\/a> impressionniste aux mille couleurs.  <a href=\"https:\/\/la-vipere-rose.art\/?page_id=52\"><strong>Chlorys des Bois<\/strong><\/a>, la nymphe des th\u00e8mes v\u00e9g\u00e9taux et des champignons travaille \u00e0 l&rsquo;atelier en tant que guest permanente.<\/p>\n\n\n<div class=\"wp-block-image is-style-default\">\n<figure class=\"aligncenter size-large\"><img loading=\"lazy\" decoding=\"async\" width=\"768\" height=\"1024\" src=\"http:\/\/la-vipere-rose.art\/wp-content\/uploads\/2026\/01\/WhatsApp-Image-2026-01-06-at-16.16.19-768x1024.jpeg\" alt=\"\" class=\"wp-image-633\" srcset=\"https:\/\/la-vipere-rose.art\/wp-content\/uploads\/2026\/01\/WhatsApp-Image-2026-01-06-at-16.16.19-768x1024.jpeg 768w, https:\/\/la-vipere-rose.art\/wp-content\/uploads\/2026\/01\/WhatsApp-Image-2026-01-06-at-16.16.19-225x300.jpeg 225w, https:\/\/la-vipere-rose.art\/wp-content\/uploads\/2026\/01\/WhatsApp-Image-2026-01-06-at-16.16.19-1152x1536.jpeg 1152w, https:\/\/la-vipere-rose.art\/wp-content\/uploads\/2026\/01\/WhatsApp-Image-2026-01-06-at-16.16.19-1240x1653.jpeg 1240w, https:\/\/la-vipere-rose.art\/wp-content\/uploads\/2026\/01\/WhatsApp-Image-2026-01-06-at-16.16.19-508x677.jpeg 508w, https:\/\/la-vipere-rose.art\/wp-content\/uploads\/2026\/01\/WhatsApp-Image-2026-01-06-at-16.16.19.jpeg 1536w\" sizes=\"auto, (max-width: 768px) 100vw, 768px\" \/><\/figure>\n<\/div>\n\n\n<p class=\"has-text-align-center\"><br>On vous laisse d\u00e9couvrir leur travail en d\u00e9tail et n\u2019h\u00e9sitez pas \u00e0 les soutenir via les r\u00e9seaux sociaux !<\/p>\n\n\n\n<p><\/p>\n","protected":false},"excerpt":{"rendered":"<p>Voici une petite pr\u00e9sentation rapide des tatoueuses r\u00e9sidentes de l&rsquo;atelier; Nous avons les fondatrices de La Vip\u00e8re Rose, Na\u00efma Lepetiroi et ses tatouages cyanotypes, et Semper Eadem avec ses visages main lev\u00e9e aux trac\u00e9s fluides. Elles ont \u00e9t\u00e9 rejointes par deux handpokeuses; Dudu &amp; Seko, artiste f\u00e9ministe au style na\u00eff et Clairon, cr\u00e9atrice de joyaux [&hellip;]<\/p>\n","protected":false},"author":2,"featured_media":0,"parent":0,"menu_order":0,"comment_status":"closed","ping_status":"closed","template":"","meta":{"footnotes":""},"class_list":["post-2","page","type-page","status-publish","hentry"],"_links":{"self":[{"href":"https:\/\/la-vipere-rose.art\/index.php?rest_route=\/wp\/v2\/pages\/2","targetHints":{"allow":["GET"]}}],"collection":[{"href":"https:\/\/la-vipere-rose.art\/index.php?rest_route=\/wp\/v2\/pages"}],"about":[{"href":"https:\/\/la-vipere-rose.art\/index.php?rest_route=\/wp\/v2\/types\/page"}],"author":[{"embeddable":true,"href":"https:\/\/la-vipere-rose.art\/index.php?rest_route=\/wp\/v2\/users\/2"}],"replies":[{"embeddable":true,"href":"https:\/\/la-vipere-rose.art\/index.php?rest_route=%2Fwp%2Fv2%2Fcomments&post=2"}],"version-history":[{"count":20,"href":"https:\/\/la-vipere-rose.art\/index.php?rest_route=\/wp\/v2\/pages\/2\/revisions"}],"predecessor-version":[{"id":673,"href":"https:\/\/la-vipere-rose.art\/index.php?rest_route=\/wp\/v2\/pages\/2\/revisions\/673"}],"wp:attachment":[{"href":"https:\/\/la-vipere-rose.art\/index.php?rest_route=%2Fwp%2Fv2%2Fmedia&parent=2"}],"curies":[{"name":"wp","href":"https:\/\/api.w.org\/{rel}","templated":true}]}}